{"id":222437,"date":"2025-09-04T09:25:00","date_gmt":"2025-09-04T09:25:00","guid":{"rendered":"https:\/\/pcsektor.eu\/product\/adata-ddr4-8gb-2666mhz-cl19-1x8gb\/"},"modified":"2026-04-15T16:26:06","modified_gmt":"2026-04-15T16:26:06","slug":"adata-ddr4-8gb-2666mhz-cl19-1x8gb","status":"publish","type":"product","link":"https:\/\/pcsektor.eu\/en\/product\/adata-ddr4-8gb-2666mhz-cl19-1x8gb\/","title":{"rendered":"Adata - DDR4 - 8GB - 2666MHz - CL19 - 1x8GB"},"content":{"rendered":"<p><b>Model: <\/b> ADATA DDR4<br \/>\n<b>Memory type: <\/b> DDR4<br \/>\n<b>Designed for: <\/b> Desktop<\/p>\n<p><b>Memory capacity: <\/b> 8 GB<br \/>\n<b>Memory frequency: <\/b> 2666 MHz<br \/>\n<b>Backlight: <\/b> No<\/p>\n<p><b>Timing: <\/b> CL 19<\/p>\n<p><b>Voltage: <\/b> 1.2 V<br \/>\n<b>Number of modules in the package: <\/b> 1x 8 GB<\/p>\n<p><b>Warranty: <\/b> 10 years<\/p>","protected":false},"excerpt":{"rendered":"<p>Model: ADATA DDR4 Typ pam\u00e4te: DDR4 Ur\u010den\u00e9 pre: Desktop Kapacita pam\u00e4te: 8 GB Frekvencia pam\u00e4te: 2666 MHz Podsvietenie: Nie \u010casovanie: CL 19 Nap\u00e4tie: 1.2 V Po\u010det modulov v balen\u00ed: 1x 8 GB Z\u00e1ruka: 10 rokov<\/p>","protected":false},"featured_media":222438,"template":"","meta":[],"product_brand":[1390],"product_cat":[1383],"product_tag":[1504],"class_list":{"0":"post-222437","1":"product","2":"type-product","3":"status-publish","4":"has-post-thumbnail","6":"product_brand-adata","7":"product_cat-pamate","8":"product_tag-pameti-ddr4-pc","10":"first","11":"instock","12":"shipping-taxable","13":"purchasable","14":"product-type-simple"},"_links":{"self":[{"href":"https:\/\/pcsektor.eu\/en\/wp-json\/wp\/v2\/product\/222437","targetHints":{"allow":["GET"]}}],"collection":[{"href":"https:\/\/pcsektor.eu\/en\/wp-json\/wp\/v2\/product"}],"about":[{"href":"https:\/\/pcsektor.eu\/en\/wp-json\/wp\/v2\/types\/product"}],"wp:featuredmedia":[{"embeddable":true,"href":"https:\/\/pcsektor.eu\/en\/wp-json\/wp\/v2\/media\/222438"}],"wp:attachment":[{"href":"https:\/\/pcsektor.eu\/en\/wp-json\/wp\/v2\/media?parent=222437"}],"wp:term":[{"taxonomy":"product_brand","embeddable":true,"href":"https:\/\/pcsektor.eu\/en\/wp-json\/wp\/v2\/product_brand?post=222437"},{"taxonomy":"product_cat","embeddable":true,"href":"https:\/\/pcsektor.eu\/en\/wp-json\/wp\/v2\/product_cat?post=222437"},{"taxonomy":"product_tag","embeddable":true,"href":"https:\/\/pcsektor.eu\/en\/wp-json\/wp\/v2\/product_tag?post=222437"}],"curies":[{"name":"wp","href":"https:\/\/api.w.org\/{rel}","templated":true}]}}