{"id":223336,"date":"2025-09-04T09:56:32","date_gmt":"2025-09-04T09:56:32","guid":{"rendered":"https:\/\/pcsektor.eu\/product\/adata-ddr5-16gb-4800mhz-cl40-2x8gb\/"},"modified":"2026-01-11T19:47:16","modified_gmt":"2026-01-11T19:47:16","slug":"adata-ddr5-16gb-4800mhz-cl40-2x8gb","status":"publish","type":"product","link":"https:\/\/pcsektor.eu\/en\/product\/adata-ddr5-16gb-4800mhz-cl40-2x8gb\/","title":{"rendered":"Adata - DDR5 - 16GB - 4800MHz - CL40 - 2x8GB"},"content":{"rendered":"<p><b>Adata DDR5-4800 U-DIMM<\/b><\/p>\n<p>* on-die error correcting code (ECC)<\/p>\n<p><b>Memory type:<\/b> DDR5<br \/>\n<b>Form Factor:<\/b> U-DIMM<br \/>\n<b>Memory capacity:<\/b> 16GB<br \/>\n<b>Number of modules in the package:<\/b> 2x 8GB<br \/>\n<b>Speed:<\/b> 4800MT\/s<br \/>\n<b>Timing:<\/b> CL40<br \/>\n<b>Operating temperature:<\/b> 0\u00b0C to 85\u00b0C<br \/>\n<b>Backlight:<\/b> Yes<br \/>\n<b>Voltage:<\/b> 1,1V<\/p>","protected":false},"excerpt":{"rendered":"<p>Adata DDR5-4800 U-DIMM * on-die error correcting code (ECC) Typ pam\u00e4te: DDR5 Form Factor: U-DIMM Kapacita pam\u00e4te: 16GB Po\u010det modulov v balen\u00ed: 2x 8GB R\u00fdchlos\u0165: 4800MT\/s \u010casovanie: CL40 Prev\u00e1dzkov\u00e1 teplota: 0\u00b0C a\u017e 85\u00b0C Podsvietenie: \u00e1no Nap\u00e4tie: 1,1V<\/p>","protected":false},"featured_media":223337,"template":"","meta":[],"product_brand":[1390],"product_cat":[1383],"product_tag":[1503],"class_list":{"0":"post-223336","1":"product","2":"type-product","3":"status-publish","4":"has-post-thumbnail","6":"product_brand-adata","7":"product_cat-pamate","8":"product_tag-pameti-ddr5-pc","10":"first","11":"outofstock","12":"shipping-taxable","13":"purchasable","14":"product-type-simple"},"_links":{"self":[{"href":"https:\/\/pcsektor.eu\/en\/wp-json\/wp\/v2\/product\/223336","targetHints":{"allow":["GET"]}}],"collection":[{"href":"https:\/\/pcsektor.eu\/en\/wp-json\/wp\/v2\/product"}],"about":[{"href":"https:\/\/pcsektor.eu\/en\/wp-json\/wp\/v2\/types\/product"}],"wp:featuredmedia":[{"embeddable":true,"href":"https:\/\/pcsektor.eu\/en\/wp-json\/wp\/v2\/media\/223337"}],"wp:attachment":[{"href":"https:\/\/pcsektor.eu\/en\/wp-json\/wp\/v2\/media?parent=223336"}],"wp:term":[{"taxonomy":"product_brand","embeddable":true,"href":"https:\/\/pcsektor.eu\/en\/wp-json\/wp\/v2\/product_brand?post=223336"},{"taxonomy":"product_cat","embeddable":true,"href":"https:\/\/pcsektor.eu\/en\/wp-json\/wp\/v2\/product_cat?post=223336"},{"taxonomy":"product_tag","embeddable":true,"href":"https:\/\/pcsektor.eu\/en\/wp-json\/wp\/v2\/product_tag?post=223336"}],"curies":[{"name":"wp","href":"https:\/\/api.w.org\/{rel}","templated":true}]}}