{"id":223992,"date":"2025-09-04T11:04:47","date_gmt":"2025-09-04T11:04:47","guid":{"rendered":"https:\/\/pcsektor.eu\/product\/dell-p2423de-2380-ips-qhd-60hz-5ms-blck-slvr-3rnbd\/"},"modified":"2026-01-11T19:46:36","modified_gmt":"2026-01-11T19:46:36","slug":"dell-p2423de-2380-ips-qhd-60hz-5ms-blck-slvr-3rnbd","status":"publish","type":"product","link":"https:\/\/pcsektor.eu\/en\/product\/dell-p2423de-2380-ips-qhd-60hz-5ms-blck-slvr-3rnbd\/","title":{"rendered":"Dell &#8211; P2423DE &#8211; 2380 &#8211; IPS &#8211; QHD &#8211; 60Hz &#8211; 5ms &#8211; Blck-Slvr &#8211; 3RNBD"},"content":{"rendered":"<p>Dell 24 USB-C Hub monitor - P2423DE - 60.45 cm (23.80\u2033)<br \/>\nExperience pure productivity on a 23.8-inch QHD monitor with extensive connectivity and ComfortView Plus.<br \/>\n<b><u>Display<\/u><\/b><\/p>\n<p>* <b>Visible diagonal:<\/b> 60.45 cm \/ 23.80 inches<br \/>\n* <b>Preset image area (horizontal \u00d7 vertical):<\/b> 526.85 mm \u00d7 296.35 mm 20.74\u2033 \u00d7 11.67\u2033<br \/>\n* <b>Panel type:<\/b> In-Plane Switching Technology<br \/>\n* <b>Screen display surface:<\/b> Anti-reflective treatment<br \/>\n* <b>Interface for mounting a flat panel monitor:<\/b> VESA mounting holes (100 mm \u00d7 100 mm behind the attached VESA cover)<br \/>\n* <b>Maximum preset resolution: <\/b> 2560 x 1440 at 60 Hz<br \/>\n* <b>Viewing angle:<\/b> 178\u00b0 vertically \/ 178\u00b0 horizontally<br \/>\n* <b>Pixel pitch:<\/b> 0.2058 mm \u00d7 0.2058 mm<br \/>\n* <b>Pixels per inch (PPI):<\/b> 123<br \/>\n* <b>Contrast ratio:<\/b> 1 000 : 1 (usually)<br \/>\n* <b>Aspect Ratio:<\/b> 16 : 9<br \/>\n* <b>Backlight:<\/b> LED<br \/>\n* <b>Yeah:<\/b> 300 cd\/m2 (usually)<br \/>\n* <b>Response time:<\/b> 8 ms in NORMAL mode, 5 ms in FAST mode<br \/>\n* <b>TCO Certified<\/b>: Yes<\/p>\n<p><b><u>Connectivity<\/u><\/b><\/p>\n<p>* 1 x HDMI port version 1.4 (HDCP 1.4)<br \/>\n* 1 x DisplayPort version 1.4 (HDCP 1.4)<br \/>\n* 1 x DisplayPort (Out) with MST (HDCP 1.4)<br \/>\n* 1 x USB-C upstream port (Alternate mode with DisplayPort 1.4, Power Delivery up to 90 W)<br \/>\n* 4 x SuperSpeed USB 5Gbps (USB 3.2 Gen1) downstream port<br \/>\n* 1 x RJ45 port<\/p>\n<p><b><u>Dimensions<\/u><\/b><\/p>\n<p>* <b>Height:<\/b> 496.11 mm<br \/>\n* <b>Width:<\/b> 537.80 mm<br \/>\n* <b>Depth:<\/b> 179.57 mm<br \/>\n* <b>Weight:<\/b> 3,92 kg<br \/>\n* <b>Package weight:<\/b> 7,97 kg<\/p>\n<p><b><u>Power<\/u><\/b><\/p>\n<p>* <b>Required Voltage:<\/b> 100 to 240 V str. \/ 50 Hz or 60 Hz \u00b1 3 Hz \/ 2 A (maximum)<br \/>\n* <b>Energy consumption in normal operation:<\/b> 20 W (on mode)<br \/>\n* <b>Power consumption in standby\/sleep mode:<\/b> 0,3 W<\/p>\n<p><b><u>Chassis<\/u><\/b><\/p>\n<p>* <b>Tilting:<\/b> -5\u00b0 to 21\u00b0<br \/>\n* <b>Height adjustability:<\/b> 150.00 mm<br \/>\n* <b>Pivot:<\/b> -90\u00b0 - 90\u00b0<br \/>\n* <b>Rotation:<\/b> -45\u00b0 - 45\u00b0<br \/>\n* <b>Interface for mounting a flat panel monitor:<\/b> VESA mounting holes (100 mm \u00d7 100 mm behind the attached VESA cover)<\/p>\n<p><b><u>Contents of the package<\/u><\/b><\/p>\n<p>* Monitor, stand<br \/>\n* 1x Power cord<br \/>\n* 2x USB 3.2 gene cable<br \/>\n* 1x DP cable<br \/>\n* 1 x x SuperSpeed USB 5Gbps (USB 3.2 Gen1) Type-A to Type-B upstream cable (replace USB ports on monitor)<br \/>\n* Quick Setup Guide<br \/>\n* Safety information and regulations and environmental impact information<\/p>\n<p><b><u>Warranty<\/u><\/b><\/p>\n<p>* <b>Type<\/b>: Three-year Advanced Exchange Service with Premium Panel Guarantee<br \/>\n* Advanced Exchange Service<br \/>\n* This monitor comes with three years of Advanced Exchange Service. If necessary, a replacement monitor will be shipped to you the next business day during the three-year limited hardware warranty period.<\/p>\n<p><b><u>Manufacturer's website<\/u><\/b><br \/>\n https:\/\/www.dell.com\/en-us\/shop\/dell-24-usb-c-hub-monitor-p2423de\/apd\/210-bdkf\/monitors-monitor-accessories<\/p>","protected":false},"excerpt":{"rendered":"<p>Dell 24 USB-C Hub monitor &#8211; P2423DE &#8211; 60,45 cm (23.80&#8243;) Za\u017eite \u010dist\u00fa produktivitu na 23,8 palcovom QHD monitore s rozsiahlou konektivitou a ComfortView Plus. Displej * Vidite\u013en\u00e1 uhloprie\u010dka: 60,45 cm \/ 23.80 palca * Prednastaven\u00e1 obrazov\u00e1 plocha (vodorovne \u00d7 zvisle): 526,85 mm x 296,35 mm 20,74&#8243; \u00d7 11,67&#8243; * Typ panela: Technol\u00f3gia In-Plane Switching [&hellip;]<\/p>\n","protected":false},"featured_media":223993,"template":"","meta":[],"product_brand":[1294],"product_cat":[1302],"product_tag":[1471],"class_list":{"0":"post-223992","1":"product","2":"type-product","3":"status-publish","4":"has-post-thumbnail","6":"product_brand-dell","7":"product_cat-monitory","8":"product_tag-monitory-236-26-palcu","10":"first","11":"outofstock","12":"shipping-taxable","13":"purchasable","14":"product-type-simple"},"_links":{"self":[{"href":"https:\/\/pcsektor.eu\/en\/wp-json\/wp\/v2\/product\/223992","targetHints":{"allow":["GET"]}}],"collection":[{"href":"https:\/\/pcsektor.eu\/en\/wp-json\/wp\/v2\/product"}],"about":[{"href":"https:\/\/pcsektor.eu\/en\/wp-json\/wp\/v2\/types\/product"}],"wp:featuredmedia":[{"embeddable":true,"href":"https:\/\/pcsektor.eu\/en\/wp-json\/wp\/v2\/media\/223993"}],"wp:attachment":[{"href":"https:\/\/pcsektor.eu\/en\/wp-json\/wp\/v2\/media?parent=223992"}],"wp:term":[{"taxonomy":"product_brand","embeddable":true,"href":"https:\/\/pcsektor.eu\/en\/wp-json\/wp\/v2\/product_brand?post=223992"},{"taxonomy":"product_cat","embeddable":true,"href":"https:\/\/pcsektor.eu\/en\/wp-json\/wp\/v2\/product_cat?post=223992"},{"taxonomy":"product_tag","embeddable":true,"href":"https:\/\/pcsektor.eu\/en\/wp-json\/wp\/v2\/product_tag?post=223992"}],"curies":[{"name":"wp","href":"https:\/\/api.w.org\/{rel}","templated":true}]}}