{"id":224201,"date":"2025-09-04T11:23:22","date_gmt":"2025-09-04T11:23:22","guid":{"rendered":"https:\/\/pcsektor.eu\/product\/hp-e32k-g5-315-ips-4k-uhd-60hz-5ms-blck-slvr-3r\/"},"modified":"2026-04-17T14:22:15","modified_gmt":"2026-04-17T14:22:15","slug":"hp-e32k-g5-315-ips-4k-uhd-60hz-5ms-blck-slvr-3r","status":"publish","type":"product","link":"https:\/\/pcsektor.eu\/en\/product\/hp-e32k-g5-315-ips-4k-uhd-60hz-5ms-blck-slvr-3r\/","title":{"rendered":"HP &#8211; E32k G5 &#8211; 315 &#8211; IPS &#8211; 4K UHD &#8211; 60Hz &#8211; 5ms &#8211; Blck-Slvr &#8211; 3R"},"content":{"rendered":"<p>Monitor HP E32k G5 4K USB-C, ktor\u00fd bol \u0161peci\u00e1lne navrhnut\u00fd tak, aby poskytoval \u00fachvatn\u00fd obraz a roz\u0161\u00edren\u00fa flexibilitu, dod\u00e1va presnosti nov\u00fd rozmer. Na dosiahnutie najlep\u0161\u00edch v\u00fdsledkov v\u00e1m u\u017e nebude ni\u010d st\u00e1\u0165 v ceste. Tento \u0161t\u00fdlov\u00fd displej 4K, ktor\u00fd bol vyroben\u00fd s oh\u013eadom na pohodlie a ochranu plan\u00e9ty, predstavuje v\u00fdkonn\u00e9 a produkt\u00edvne zariadenie.<\/p>\n<p><b>Typ obrazovky: <\/b> IPS<br \/>\n<b>Uhloprie\u010dka [palca]: <\/b> 31.5&#8243;<br \/>\n<b>Rozl\u00ed\u0161enie: <\/b> 4K UHD (3 840 x 2 160)<br \/>\n<b>Rozte\u010d bodu [mm]: <\/b>0,18<br \/>\n<b>Obnovovacia frekvencia [Hz]: <\/b> 60 Hz<br \/>\n<b>Pomer str\u00e1n: <\/b> 16:9<br \/>\n<b>Povrch displeja: <\/b> Antireflexn\u00fd filter<br \/>\n<b>Jas [cd\/m2]: <\/b> 350<br \/>\n<b>Kontrast: <\/b> 1000:1<br \/>\n<b>Odozva [ms]: <\/b> 5ms GtG (s funkciou Overdrive)<br \/>\n<b>Pozorovacie uhly (Horizont\u00e1l\/Vertik\u00e1l): <\/b> 178\u00b0\/178\u00b0<br \/>\n<b>Po\u010det farieb: <\/b> Podpora a\u017e 1,07 miliardy farieb<br \/>\n<b>Reproduktory: <\/b> 2 x 3 W<\/p>\n<p><b>Konektory:<\/b><\/p>\n<p>*HDCP: \u00c1no, DisplayPort\u2122, HDMI a USB Type-C\u00ae<br \/>\n*DisplayPort\u2122: 1x DisplayPort\u2122 1.4<br \/>\n*Vstup videa USB Type-C\u00ae: 1x SuperSpeed ??USB Type-C\u00ae s prenosovou r\u00fdchlos\u0165ou sign\u00e1lu 5 Gb\/s (USB Power Delivery a\u017e 65 W, Alt Mode DisplayPort\u2122 1.4)<br \/>\n*HDMI: 1x HDMI 2.0<br \/>\n*USB Type-A: 3x SuperSpeed ??USB Type-A s prenosovou r\u00fdchlos\u0165ou sign\u00e1lu 5 Gb\/s (1x nab\u00edjac\u00ed)<br \/>\n*Rozhranie Ethernet: 1x RJ-45 (10\/100\/1 000 Mb\/s)<\/p>\n<p><b>Spotreba [W]: <\/b> 210 W (maxim\u00e1lna), 39 W (typick\u00e1)<br \/>\n<b>Stand By re\u017eim [W]: <\/b> 0,5 W (pohotovostn\u00fd re\u017eim)<\/p>\n<p><b>Mont\u00e1\u017e na stenu: <\/b> 100 x 100 mm<\/p>\n<p><b>Nakl\u00e1panie monitora: <\/b><\/p>\n<p>*Naklonenie: -5 a\u017e +20\u00b0<br \/>\n*Rozsah nastavenia v\u00fd\u0161ky: 150 mm<br \/>\n*Oto\u010denie: \u00b145\u00b0<br \/>\n*Oto\u010dn\u00fd bod: \u00b190\u00b0<\/p>\n<p><b>Farba: <\/b> \u010cierna\/ strieborn\u00e1<br \/>\n<b>Rozmery (so stojanom): <\/b> 71,4 x 22,7 x 60,34 cm<br \/>\n<b>Rozmery (bez stojana): <\/b> 71,4 x 4,7 x 42,12 cm (bez p\u00e1ntu); 71,4 x 7,47 x 42,12 cm (s p\u00e1ntom)<br \/>\n<b>Hmotnos\u0165 [kg]: <\/b>8,4 kg<\/p>\n<p><b>TCO Certified:<\/b> \u00c1no<\/p>\n<p><b>Z\u00e1ruka: <\/b> 36 mes.<\/p>\n<p><b>Pre spr\u00e1vnu kompatibilitu Care Packu, vyu\u017eite HP port\u00e1l<\/b> <b>https:\/\/cpc2.ext.hp.com\/?countries=SK<\/b><\/p>\n","protected":false},"excerpt":{"rendered":"<p>Monitor HP E32k G5 4K USB-C, ktor\u00fd bol \u0161peci\u00e1lne navrhnut\u00fd tak, aby poskytoval \u00fachvatn\u00fd obraz a roz\u0161\u00edren\u00fa flexibilitu, dod\u00e1va presnosti nov\u00fd rozmer. Na dosiahnutie najlep\u0161\u00edch v\u00fdsledkov v\u00e1m u\u017e nebude ni\u010d st\u00e1\u0165 v ceste. Tento \u0161t\u00fdlov\u00fd displej 4K, ktor\u00fd bol vyroben\u00fd s oh\u013eadom na pohodlie a ochranu plan\u00e9ty, predstavuje v\u00fdkonn\u00e9 a produkt\u00edvne zariadenie. Typ obrazovky: IPS [&hellip;]<\/p>\n","protected":false},"featured_media":224202,"template":"","meta":[],"product_brand":[1289],"product_cat":[1302],"product_tag":[1473,5525],"class_list":{"0":"post-224201","1":"product","2":"type-product","3":"status-publish","4":"has-post-thumbnail","6":"product_brand-hp","7":"product_cat-monitory","8":"product_tag-monitory-31-40-palcu","9":"product_tag-monitory-31-40","11":"first","12":"instock","13":"shipping-taxable","14":"purchasable","15":"product-type-simple"},"_links":{"self":[{"href":"https:\/\/pcsektor.eu\/en\/wp-json\/wp\/v2\/product\/224201","targetHints":{"allow":["GET"]}}],"collection":[{"href":"https:\/\/pcsektor.eu\/en\/wp-json\/wp\/v2\/product"}],"about":[{"href":"https:\/\/pcsektor.eu\/en\/wp-json\/wp\/v2\/types\/product"}],"wp:featuredmedia":[{"embeddable":true,"href":"https:\/\/pcsektor.eu\/en\/wp-json\/wp\/v2\/media\/224202"}],"wp:attachment":[{"href":"https:\/\/pcsektor.eu\/en\/wp-json\/wp\/v2\/media?parent=224201"}],"wp:term":[{"taxonomy":"product_brand","embeddable":true,"href":"https:\/\/pcsektor.eu\/en\/wp-json\/wp\/v2\/product_brand?post=224201"},{"taxonomy":"product_cat","embeddable":true,"href":"https:\/\/pcsektor.eu\/en\/wp-json\/wp\/v2\/product_cat?post=224201"},{"taxonomy":"product_tag","embeddable":true,"href":"https:\/\/pcsektor.eu\/en\/wp-json\/wp\/v2\/product_tag?post=224201"}],"curies":[{"name":"wp","href":"https:\/\/api.w.org\/{rel}","templated":true}]}}