{"id":224769,"date":"2025-09-04T11:49:27","date_gmt":"2025-09-04T11:49:27","guid":{"rendered":"https:\/\/pcsektor.eu\/product\/hp-732pk-315-ips-4k-uhd-60hz-5ms-gray-3r\/"},"modified":"2026-04-17T11:06:29","modified_gmt":"2026-04-17T11:06:29","slug":"hp-732pk-315-ips-4k-uhd-60hz-5ms-gray-3r","status":"publish","type":"product","link":"https:\/\/pcsektor.eu\/en\/product\/hp-732pk-315-ips-4k-uhd-60hz-5ms-gray-3r\/","title":{"rendered":"HP - 732pk - 315 - IPS - 4K UHD - 60Hz - 5ms - Gray - 3R"},"content":{"rendered":"<p><b> HP Series 7 Pre 31.5 palcov 4K Thunderbolt 4 Monitor &#8211; 732pk <\/b><\/p>\n<p>*IPS Black<br \/>\n*4K UHD Resolution<br \/>\n*VESA DisplayHDR\u2122 400<br \/>\n*HP Eye Ease<br \/>\n*KVM switch<br \/>\n*Picture-in-Picture; Picture-by-Picture<br \/>\n*Flicker-free<\/p>\n<p><b>Typ obrazovky: <\/b> IPS Black<br \/>\n<b>Podsvietenie: <\/b> Edge-lit<br \/>\n<b>Uhloprie\u010dka [palca]: <\/b> 31.5&#8243;<br \/>\n<b>Rozl\u00ed\u0161enie: <\/b> 4K UHD (3840 x 2160)<br \/>\n<b>Rozte\u010d bodu [mm]: <\/b> 0.18<br \/>\n<b>Obnovovacia frekvencia [Hz]: <\/b> 60<br \/>\n<b>Pomer str\u00e1n: <\/b> 16:9<br \/>\n<b>Povrch displeja: <\/b> Anti-glare<br \/>\n<b>Kontrast: <\/b> 2000:1<br \/>\n<b>Odozva [ms]: <\/b> 5ms GtG (with overdrive)<br \/>\n<b>Pozorovacie uhly (Horizont\u00e1l\/Vertik\u00e1l): <\/b> 178\/178<\/p>\n<p><b>Konektory:<\/b><\/p>\n<p>*DisplayPort\u2122: 1 DisplayPort\u2122 1.4<br \/>\n*DisplayPort\u2122 Out: 1 DisplayPort\u2122 1.4-out<br \/>\n*HDMI: 1 HDMI 2.0<br \/>\n*HDCP: Yes, DisplayPort\u2122 a HDMI<br \/>\n*USB Type-C\u00ae Video Input &amp; Data Transfer: 1 Thunderbolt\u2122 4.0 (40 Gbps signal. rate) with USB Type-C \u00ae 5 Gbps signal. rate.<br \/>\n*USB Type-C\u00ae Data Transfer Only: 1 USB Type-C\u00ae 5Gbps signaling rate (Up to 15W USB Power Delivery)<br \/>\n*USB- A: 4 USB Type-A 5Gbps signaling rate<br \/>\n*USB-B (Hub enablement): 1 USB-B<br \/>\n*ETHERNET: 1 RJ-45 (10\/100\/1000 Mbps)<\/p>\n<p><b>Nap\u00e1janie: <\/b> 100 &#8211; 240 VAC 50\/60 Hz, intern\u00e9<br \/>\n<b>Spotreba [W]: <\/b> 48 W<br \/>\n<b>Stand By re\u017eim [W]: <\/b> 0.5 W<\/p>\n<p><b>Mont\u00e1\u017e na stenu: <\/b> 100 x 100 mm (bracket included)<\/p>\n<p><b>Nakl\u00e1panie monitora: <\/b> Height Adjust\/Tilt\/Swivel\/Pivot<\/p>\n<p><b>Farba: <\/b> Black, Gray<br \/>\n<b>Rozmery (so stojanom, \u0160xVxH mm): <\/b> 713,5 x 604,9 x 217<br \/>\n<b>Hmotnos\u0165 [kg]: <\/b> 8.77 kg<\/p>\n<p><b>TCO Certified: <\/b> \u00c1no<\/p>\n<p><b>Z\u00e1ruka: <\/b> 36 mes.<\/p>\n","protected":false},"excerpt":{"rendered":"<p>HP Series 7 Pre 31.5 palcov 4K Thunderbolt 4 Monitor &#8211; 732pk *IPS Black *4K UHD Resolution *VESA DisplayHDR\u2122 400 *HP Eye Ease *KVM switch *Picture-in-Picture; Picture-by-Picture *Flicker-free Typ obrazovky: IPS Black Podsvietenie: Edge-lit Uhloprie\u010dka [palca]: 31.5&#8243; Rozl\u00ed\u0161enie: 4K UHD (3840 x 2160) Rozte\u010d bodu [mm]: 0.18 Obnovovacia frekvencia [Hz]: 60 Pomer str\u00e1n: 16:9 Povrch [&hellip;]<\/p>\n","protected":false},"featured_media":224770,"template":"","meta":[],"product_brand":[1289],"product_cat":[1302],"product_tag":[1473,5525],"class_list":{"0":"post-224769","1":"product","2":"type-product","3":"status-publish","4":"has-post-thumbnail","6":"product_brand-hp","7":"product_cat-monitory","8":"product_tag-monitory-31-40-palcu","9":"product_tag-monitory-31-40","11":"first","12":"outofstock","13":"shipping-taxable","14":"purchasable","15":"product-type-simple"},"_links":{"self":[{"href":"https:\/\/pcsektor.eu\/en\/wp-json\/wp\/v2\/product\/224769","targetHints":{"allow":["GET"]}}],"collection":[{"href":"https:\/\/pcsektor.eu\/en\/wp-json\/wp\/v2\/product"}],"about":[{"href":"https:\/\/pcsektor.eu\/en\/wp-json\/wp\/v2\/types\/product"}],"wp:featuredmedia":[{"embeddable":true,"href":"https:\/\/pcsektor.eu\/en\/wp-json\/wp\/v2\/media\/224770"}],"wp:attachment":[{"href":"https:\/\/pcsektor.eu\/en\/wp-json\/wp\/v2\/media?parent=224769"}],"wp:term":[{"taxonomy":"product_brand","embeddable":true,"href":"https:\/\/pcsektor.eu\/en\/wp-json\/wp\/v2\/product_brand?post=224769"},{"taxonomy":"product_cat","embeddable":true,"href":"https:\/\/pcsektor.eu\/en\/wp-json\/wp\/v2\/product_cat?post=224769"},{"taxonomy":"product_tag","embeddable":true,"href":"https:\/\/pcsektor.eu\/en\/wp-json\/wp\/v2\/product_tag?post=224769"}],"curies":[{"name":"wp","href":"https:\/\/api.w.org\/{rel}","templated":true}]}}