{"id":224813,"date":"2025-09-04T11:51:07","date_gmt":"2025-09-04T11:51:07","guid":{"rendered":"https:\/\/pcsektor.eu\/product\/hp-724pu-24-ips-wuxga-350-1500-hdmi-usb-c-dp-3\/"},"modified":"2026-04-17T14:24:03","modified_gmt":"2026-04-17T14:24:03","slug":"hp-724pu-24-ips-wuxga-350-1500-hdmi-usb-c-dp-3","status":"publish","type":"product","link":"https:\/\/pcsektor.eu\/en\/product\/hp-724pu-24-ips-wuxga-350-1500-hdmi-usb-c-dp-3\/","title":{"rendered":"HP 724pu 24 IPS WUXGA &#8211; 350 &#8211; 1500 &#8211; HDMI &#8211; USB-C &#8211; DP &#8211; 3"},"content":{"rendered":"<p>*Picture-in-Picture; Picture-by-Picture<br \/>\n*Flicker-free<br \/>\n*Low blue light<\/p>\n<p><b>Typ obrazovky: <\/b> IPS<br \/>\n<b>Podsvietenie: <\/b> Edge-lit<br \/>\n<b>Uhloprie\u010dka [palce]: <\/b> 24&#8243;<br \/>\n<b>Rozl\u00ed\u0161enie: <\/b> WUXGA (1920 x 1200)<br \/>\n<b>Rozte\u010d bodu [mm]: <\/b> 0.27<br \/>\n<b>Obnovovacia frekvencia [Hz]: <\/b> 100 Hz<br \/>\n<b>Pomer str\u00e1n: <\/b> 16:10<br \/>\n<b>Povrch displeja: <\/b> Anti-glare<br \/>\n<b>Jas [cd\/m2]: <\/b> 350<br \/>\n<b>Kontrast: <\/b> 1500:1<br \/>\n<b>Odozva [ms]: <\/b> 5 ms GtG (with overdrive)<br \/>\n<b>Pozorovacie uhly (Horizont\u00e1l\/Vertik\u00e1l): <\/b> 178\u00b0\/178\u00b0<\/p>\n<p><b>Konektory:<\/b><\/p>\n<p>*USB Type-A: 4 SuperSpeed ??USB Type-A 5Gbps signaling rate (2 charging)<br \/>\n*USB Type-C\u00ae video vstup: 1 SuperSpeed ??USB Type-C\u00ae 5Gbps sign\u00e1l rate (Up to 100W USB Power Delivery, Alt Mode DisplayPort\u2122 1.4)<br \/>\n*Ethernet: 1 RJ-45 (10\/100\/1000 Mbps)<br \/>\n*DisplayPort\u2122: 1 DisplayPort\u2122 1.4<br \/>\n*DisplayPort\u2122 Out: 1 DisplayPort\u2122 1.4-out<br \/>\n*HDCP: Yes, DisplayPort\u2122, HDMI a USB Type-C\u00ae<br \/>\n*HDMI: 1 HDMI 2.0<\/p>\n<p><b>Nap\u00e1janie: <\/b> internal, 100 &#8211; 240 VAC 50\/60 Hz<br \/>\n<b>Spotreba [W]: <\/b> 26.4 W<br \/>\n<b>Stand By re\u017eim [W]: <\/b> 0.5 W<\/p>\n<p><b>Mont\u00e1\u017e na stenu: <\/b> 100 x 100 mm (bracket included)<\/p>\n<p><b>Nakl\u00e1panie monitora: <\/b><\/p>\n<p>*Swivel: \u00b145\u00b0<br \/>\n*Tilt: -5 to +20 \u00b0<br \/>\n*Height adjustment range: 150 mm<br \/>\n*Pivot: \u00b190\u00b0<\/p>\n<p><b>Rozmery (so stojanom): <\/b> 53.17 x 52.14 x 19.5<br \/>\n<b>Rozmery (bez stojana): <\/b> 53.17 x 34.29 x 3.85<br \/>\n<b>Hmotnos\u0165 [kg]: <\/b> 5.2 kg (with stand)<\/p>\n<p><b>Z\u00e1ruka: <\/b> 36 mes.<\/p>\n<p>https:\/\/www.hp.com\/nz-en\/products\/monitors\/product-details\/product-specifications\/2101983573<\/p>\n","protected":false},"excerpt":{"rendered":"<p>*Picture-in-Picture; Picture-by-Picture *Flicker-free *Low blue light Typ obrazovky: IPS Podsvietenie: Edge-lit Uhloprie\u010dka [palce]: 24&#8243; Rozl\u00ed\u0161enie: WUXGA (1920 x 1200) Rozte\u010d bodu [mm]: 0.27 Obnovovacia frekvencia [Hz]: 100 Hz Pomer str\u00e1n: 16:10 Povrch displeja: Anti-glare Jas [cd\/m2]: 350 Kontrast: 1500:1 Odozva [ms]: 5 ms GtG (with overdrive) Pozorovacie uhly (Horizont\u00e1l\/Vertik\u00e1l): 178\u00b0\/178\u00b0 Konektory: *USB Type-A: 4 SuperSpeed [&hellip;]<\/p>\n","protected":false},"featured_media":224814,"template":"","meta":[],"product_brand":[1289],"product_cat":[1302],"product_tag":[1471,5522],"class_list":{"0":"post-224813","1":"product","2":"type-product","3":"status-publish","4":"has-post-thumbnail","6":"product_brand-hp","7":"product_cat-monitory","8":"product_tag-monitory-236-26-palcu","9":"product_tag-monitory-236-26","11":"first","12":"instock","13":"shipping-taxable","14":"purchasable","15":"product-type-simple"},"_links":{"self":[{"href":"https:\/\/pcsektor.eu\/en\/wp-json\/wp\/v2\/product\/224813","targetHints":{"allow":["GET"]}}],"collection":[{"href":"https:\/\/pcsektor.eu\/en\/wp-json\/wp\/v2\/product"}],"about":[{"href":"https:\/\/pcsektor.eu\/en\/wp-json\/wp\/v2\/types\/product"}],"wp:featuredmedia":[{"embeddable":true,"href":"https:\/\/pcsektor.eu\/en\/wp-json\/wp\/v2\/media\/224814"}],"wp:attachment":[{"href":"https:\/\/pcsektor.eu\/en\/wp-json\/wp\/v2\/media?parent=224813"}],"wp:term":[{"taxonomy":"product_brand","embeddable":true,"href":"https:\/\/pcsektor.eu\/en\/wp-json\/wp\/v2\/product_brand?post=224813"},{"taxonomy":"product_cat","embeddable":true,"href":"https:\/\/pcsektor.eu\/en\/wp-json\/wp\/v2\/product_cat?post=224813"},{"taxonomy":"product_tag","embeddable":true,"href":"https:\/\/pcsektor.eu\/en\/wp-json\/wp\/v2\/product_tag?post=224813"}],"curies":[{"name":"wp","href":"https:\/\/api.w.org\/{rel}","templated":true}]}}