{"id":224815,"date":"2025-09-04T11:51:08","date_gmt":"2025-09-04T11:51:08","guid":{"rendered":"https:\/\/pcsektor.eu\/product\/hp-727pk-27-ips-4k-uhd-60hz-5ms-blck-slvr-3r\/"},"modified":"2026-04-17T11:06:27","modified_gmt":"2026-04-17T11:06:27","slug":"hp-727pk-27-ips-4k-uhd-60hz-5ms-blck-slvr-3r","status":"publish","type":"product","link":"https:\/\/pcsektor.eu\/en\/product\/hp-727pk-27-ips-4k-uhd-60hz-5ms-blck-slvr-3r\/","title":{"rendered":"HP &#8211; 727pk &#8211; 27 &#8211; IPS &#8211; 4K UHD &#8211; 60Hz &#8211; 5ms &#8211; Blck-Slvr &#8211; 3R"},"content":{"rendered":"<p><b> 27\u201c monitor HP Series 7 Pro 4K Thunderbolt 4 &#8211; 727pk <\/b><\/p>\n<p>Vytv\u00e1rajte in\u0161pirat\u00edvne diela v realistick\u00fdch farb\u00e1ch. 27\u201c monitor HP s rozl\u00ed\u0161en\u00edm 4K a rozhran\u00edm Thunderbolt 4 pom\u00f4\u017ee osvetli\u0165 va\u0161e n\u00e1pady v plne kalibrovanej palete n\u00e1dhern\u00fdch farieb. Tento neuverite\u013ene v\u00fdkonn\u00fd monitor v\u00e1m pom\u00f4\u017ee zvl\u00e1dnu\u0165 aj najn\u00e1ro\u010dnej\u0161ie \u00falohy multitaskingu.<\/p>\n<p><b>Typ obrazovky: <\/b> IPS Black<br \/>\n<b>Podsvietenie: <\/b> Osvetlen\u00fd okraj<br \/>\n<b>Uhloprie\u010dka: <\/b> 68,6 cm (27&#8243;)<br \/>\n<b>Rozl\u00ed\u0161enie: <\/b> 4K UHD (3 840 x 2 160)<br \/>\n<b>Rozte\u010d bodu [mm]: <\/b> 0,15<br \/>\n<b>Obnovovacia frekvencia [Hz]: <\/b> 60 Hz<br \/>\n<b>Pomer str\u00e1n: <\/b> 16:9<br \/>\n<b>Povrch displeja: <\/b> Antireflexn\u00fd filter<br \/>\n<b>Jas [cd\/m2]: <\/b> 400<br \/>\n<b>Kontrast: <\/b> 2 000:1<br \/>\n<b>Odozva [ms]: <\/b> 5ms GtG (s funkciou Overdrive)<br \/>\n<b>Pozorovacie uhly (Horizont\u00e1l\/Vertik\u00e1l): <\/b> 178\u00b0\/178\u00b0<br \/>\n<b>Po\u010det farieb: <\/b> Podpora a\u017e 1,07 miliardy farieb<\/p>\n<p><b>Konektory:<\/b><\/p>\n<p>*USB Type-A: 5 USB Type-A 10 Gbps signaling rate (1 charging with 7.5 W)<br \/>\n*Video vstup Type-C\u00ae: 1 Thunderbolt\u2122 4 s 40 Gbps Type-C\u00ae signaling rate (100 W USB Power Delivery, DisplayPort\u2122 1.4); 1 Thunderbolt\u2122 4 Out for Daisy chain (15 W charging)<br \/>\n*USB Type-C\u00ae d\u00e1ta: 1 USB Type-C\u00ae 10 Gbps signaling rate upstream (Up to 15 W USB Power Delivery); 1 USB Type-C\u00ae 10 Gbps signaling rate (15 W charging)<br \/>\n*Ethernet: 1 RJ-45 (10\/100\/1000 Mbps)<br \/>\n*DisplayPort\u2122: 1 DisplayPort\u2122 1.4<br \/>\n*DisplayPort\u2122 Out: 1 DisplayPort\u2122 1.4-out<br \/>\n*HDCP: Yes, DisplayPort\u2122, HDMI a Thunderbolt\u2122<br \/>\n*HDMI: 1 HDMI 2.0<\/p>\n<p><b>Nap\u00e1janie: <\/b> 100\u2013240 V AC 50\/60 Hz, Intern\u00e9<br \/>\n<b>Spotreba [W]: <\/b> 26<br \/>\n<b>Trieda energetickej n\u00e1ro\u010dnosti: <\/b> F<\/p>\n<p><b>Mont\u00e1\u017e na stenu: <\/b> 100 x 100 mm (vr\u00e1tane dr\u017eiaka)<\/p>\n<p><b>Nakl\u00e1panie monitora: <\/b> Nastavenie v\u00fd\u0161ky\/sklonu\/nato\u010denia\/oto\u010denia<\/p>\n<p><b>Farba: <\/b> \u010cierna; Strieborn\u00e1<br \/>\n<b>Rozmery (so stojanom, \u0160xVxH mm): <\/b> 613,4 x 540,5 x 225,2<br \/>\n<b>Rozmery (bez stojana, \u0160xVxH mm): <\/b> 613,4 x 354 x 74,5<br \/>\n<b>Hmotnos\u0165 [kg]: <\/b> 6,5 kg (s podstavcom)<\/p>\n<p><b>Obsah balenia: <\/b> Monitor; K\u00e1bel Thunderbolt\u2122; K\u00e1bel DisplayPort\u2122; K\u00e1bel HDMI; Z\u00e1ru\u010dn\u00fd list; Let\u00e1k r\u00fdchleho nastavenia; 1x k\u00e1bel USB Type-C\u00ae na Type-A; Nap\u00e1jac\u00ed k\u00e1bel; Spr\u00e1va o kalibr\u00e1cii farieb; Mont\u00e1\u017eny adapt\u00e9r VESA<\/p>\n<p><b>Z\u00e1ruka: <\/b> 36 mes.<\/p>\n","protected":false},"excerpt":{"rendered":"<p>27\u201c monitor HP Series 7 Pro 4K Thunderbolt 4 &#8211; 727pk Vytv\u00e1rajte in\u0161pirat\u00edvne diela v realistick\u00fdch farb\u00e1ch. 27\u201c monitor HP s rozl\u00ed\u0161en\u00edm 4K a rozhran\u00edm Thunderbolt 4 pom\u00f4\u017ee osvetli\u0165 va\u0161e n\u00e1pady v plne kalibrovanej palete n\u00e1dhern\u00fdch farieb. Tento neuverite\u013ene v\u00fdkonn\u00fd monitor v\u00e1m pom\u00f4\u017ee zvl\u00e1dnu\u0165 aj najn\u00e1ro\u010dnej\u0161ie \u00falohy multitaskingu. Typ obrazovky: IPS Black Podsvietenie: Osvetlen\u00fd okraj [&hellip;]<\/p>\n","protected":false},"featured_media":224816,"template":"","meta":[],"product_brand":[1289],"product_cat":[1302],"product_tag":[1472,5523],"class_list":{"0":"post-224815","1":"product","2":"type-product","3":"status-publish","4":"has-post-thumbnail","6":"product_brand-hp","7":"product_cat-monitory","8":"product_tag-monitory-27-30-palcu","9":"product_tag-monitory-27-30","11":"first","12":"outofstock","13":"shipping-taxable","14":"purchasable","15":"product-type-simple"},"_links":{"self":[{"href":"https:\/\/pcsektor.eu\/en\/wp-json\/wp\/v2\/product\/224815","targetHints":{"allow":["GET"]}}],"collection":[{"href":"https:\/\/pcsektor.eu\/en\/wp-json\/wp\/v2\/product"}],"about":[{"href":"https:\/\/pcsektor.eu\/en\/wp-json\/wp\/v2\/types\/product"}],"wp:featuredmedia":[{"embeddable":true,"href":"https:\/\/pcsektor.eu\/en\/wp-json\/wp\/v2\/media\/224816"}],"wp:attachment":[{"href":"https:\/\/pcsektor.eu\/en\/wp-json\/wp\/v2\/media?parent=224815"}],"wp:term":[{"taxonomy":"product_brand","embeddable":true,"href":"https:\/\/pcsektor.eu\/en\/wp-json\/wp\/v2\/product_brand?post=224815"},{"taxonomy":"product_cat","embeddable":true,"href":"https:\/\/pcsektor.eu\/en\/wp-json\/wp\/v2\/product_cat?post=224815"},{"taxonomy":"product_tag","embeddable":true,"href":"https:\/\/pcsektor.eu\/en\/wp-json\/wp\/v2\/product_tag?post=224815"}],"curies":[{"name":"wp","href":"https:\/\/api.w.org\/{rel}","templated":true}]}}