{"id":224817,"date":"2025-09-04T11:51:18","date_gmt":"2025-09-04T11:51:18","guid":{"rendered":"https:\/\/pcsektor.eu\/product\/hp-727pm-27-ips-4k-uhd-60hz-5ms-black-3r\/"},"modified":"2026-04-17T11:06:27","modified_gmt":"2026-04-17T11:06:27","slug":"hp-727pm-27-ips-4k-uhd-60hz-5ms-black-3r","status":"publish","type":"product","link":"https:\/\/pcsektor.eu\/en\/product\/hp-727pm-27-ips-4k-uhd-60hz-5ms-black-3r\/","title":{"rendered":"HP &#8211; 727pm &#8211; 27 &#8211; IPS &#8211; 4K UHD &#8211; 60Hz &#8211; 5ms &#8211; Black &#8211; 3R"},"content":{"rendered":"<p><b> 27\u201c konferen\u010dn\u00fd monitor HP Series 7 Pro 4K &#8211; 727pm <\/b><\/p>\n<p><i> 27&#8243; konferen\u010dn\u00fd monitor HP s rozl\u00ed\u0161en\u00edm 4K a funkciami AI v\u00e1m pom\u00f4\u017ee \u013eahko urobi\u0165 skvel\u00fd dojem. Inteligentn\u00e9 konferencie s\u00fa v\u017edy z\u00e1rukou produkt\u00edvnej a kvalitnej spolupr\u00e1ce. Navy\u0161e premietan\u00e9 na podmanivom displeji s v\u00fdkonn\u00fdm rozhran\u00edm Thunderbolt <\/i><\/p>\n<p>*HP Eye Ease<br \/>\n*4K<br \/>\n*IPS<br \/>\n*5ms Response Time<\/p>\n<p><b>Typ obrazovky: <\/b> IPS Black<br \/>\n<b>Uhloprie\u010dka [palce]: <\/b> 27<br \/>\n<b>Rozl\u00ed\u0161enie: <\/b> 4K UHD (3840 x 2160)<br \/>\n<b>Rozte\u010d bodu [mm]: <\/b> 0,15<br \/>\n<b>Obnovovacia frekvencia [Hz]: <\/b> 60<br \/>\n<b>Pomer str\u00e1n: <\/b> 16:9<br \/>\n<b>Jas [cd\/m2]: <\/b> 400<br \/>\n<b>Kontrast: <\/b> 2000:1<br \/>\n<b>Odozva [ms]: <\/b> 5<br \/>\n<b>Farby zobrazenie:<\/b> 1,07mld.<br \/>\n<b>Pozorovacie uhly (Horizont\u00e1l\/Vertik\u00e1l): <\/b> 178\/178<br \/>\n<b>Reproduktory: <\/b> 4 x 3W<br \/>\n<b>Mikrof\u00f3n: <\/b> \u00c1no (dva mikrof\u00f3ny s funkciou potla\u010denia hluku DNN)<br \/>\n<b>Kamera: <\/b> \u00c1no, 5 Mpx HDR<\/p>\n<p><b>Konektory:<\/b><\/p>\n<p>*1x HDMI 2.0<br \/>\n*1x DisplayPort\u2122 1.4<br \/>\n*1x v\u00fdstup DisplayPort\u2122 1.4<br \/>\n*1x USB Type-C\u00ae s prenosovou r\u00fdchlos\u0165ou odosielania 10 Gb\/s (USB Power Delivery a\u017e 15 W); 1x USB Type-C\u00ae s prenosovou r\u00fdchlos\u0165ou 10 Gbit\/s (nab\u00edjac\u00ed v\u00fdkon 15 W)<br \/>\n*1x Thunderbolt\u2122 4 s rozhran\u00edm USB Type-C\u00ae s prenosovou r\u00fdchlos\u0165ou 40 Gbit\/s (USB Power Delivery s v\u00fdkonom a\u017e, 100 W, DisplayPort\u2122 1.4); 1x v\u00fdstupn\u00fd port Thunderbolt\u2122 pre re\u0165azov\u00e9 pripojenie (nab\u00edjac\u00ed v\u00fdkon 15 W)<br \/>\n*5x USB Type-A s prenosovou r\u00fdchlos\u0165ou 10 Gbit\/s (1x nab\u00edjac\u00ed 7,5 W)<br \/>\n*1x RJ-45 (10\/100\/1000 Mb\/s)<\/p>\n<p>HDCP: \u00c1no, DisplayPort\u2122, HDMI a Thunderbolt<\/p>\n<p><b>Nap\u00e1janie: <\/b> Intern\u00e9, 100\u2013240 V AC 50\/60 Hz<br \/>\n<b>Spotreba [W]: <\/b> 26<br \/>\n<b>Stand By re\u017eim [W]: <\/b> 0,5<\/p>\n<p><b>Mont\u00e1\u017e na stenu: <\/b> 100 x 100mm<br \/>\n<b>Nakl\u00e1panie monitora: <\/b> V\u00fd\u0161ka 150mm, Naklonenie -5 a\u017e +20\u00b0, Oto\u010denie +45\u00b0, Oto\u010dn\u00fd bod +-90\u00b0<br \/>\n<b>Rozmery (so stojanom, \u0160xVxH mm): <\/b> 613,4 x 225,2 x 540,5<br \/>\n<b>Hmotnos\u0165 [kg]: <\/b> 7<\/p>\n<p><b>Obsah balenia: <\/b> Monitor; K\u00e1bel Thunderbolt\u2122; K\u00e1bel DisplayPort\u2122; K\u00e1bel HDMI; Z\u00e1ru\u010dn\u00fd list; Nap\u00e1jac\u00ed k\u00e1bel; Let\u00e1k r\u00fdchleho nastavenia; 1x k\u00e1bel USB Type-C\u00ae na Type-A; Spr\u00e1va o kalibr\u00e1cii farieb; Mont\u00e1\u017eny adapt\u00e9r VESA<\/p>\n<p><b>Z\u00e1ruka: <\/b> 3 roky<\/p>\n","protected":false},"excerpt":{"rendered":"<p>27\u201c konferen\u010dn\u00fd monitor HP Series 7 Pro 4K &#8211; 727pm 27&#8243; konferen\u010dn\u00fd monitor HP s rozl\u00ed\u0161en\u00edm 4K a funkciami AI v\u00e1m pom\u00f4\u017ee \u013eahko urobi\u0165 skvel\u00fd dojem. Inteligentn\u00e9 konferencie s\u00fa v\u017edy z\u00e1rukou produkt\u00edvnej a kvalitnej spolupr\u00e1ce. Navy\u0161e premietan\u00e9 na podmanivom displeji s v\u00fdkonn\u00fdm rozhran\u00edm Thunderbolt *HP Eye Ease *4K *IPS *5ms Response Time Typ obrazovky: IPS [&hellip;]<\/p>\n","protected":false},"featured_media":224818,"template":"","meta":[],"product_brand":[1289],"product_cat":[1302],"product_tag":[1472,5523],"class_list":{"0":"post-224817","1":"product","2":"type-product","3":"status-publish","4":"has-post-thumbnail","6":"product_brand-hp","7":"product_cat-monitory","8":"product_tag-monitory-27-30-palcu","9":"product_tag-monitory-27-30","11":"first","12":"outofstock","13":"shipping-taxable","14":"purchasable","15":"product-type-simple"},"_links":{"self":[{"href":"https:\/\/pcsektor.eu\/en\/wp-json\/wp\/v2\/product\/224817","targetHints":{"allow":["GET"]}}],"collection":[{"href":"https:\/\/pcsektor.eu\/en\/wp-json\/wp\/v2\/product"}],"about":[{"href":"https:\/\/pcsektor.eu\/en\/wp-json\/wp\/v2\/types\/product"}],"wp:featuredmedia":[{"embeddable":true,"href":"https:\/\/pcsektor.eu\/en\/wp-json\/wp\/v2\/media\/224818"}],"wp:attachment":[{"href":"https:\/\/pcsektor.eu\/en\/wp-json\/wp\/v2\/media?parent=224817"}],"wp:term":[{"taxonomy":"product_brand","embeddable":true,"href":"https:\/\/pcsektor.eu\/en\/wp-json\/wp\/v2\/product_brand?post=224817"},{"taxonomy":"product_cat","embeddable":true,"href":"https:\/\/pcsektor.eu\/en\/wp-json\/wp\/v2\/product_cat?post=224817"},{"taxonomy":"product_tag","embeddable":true,"href":"https:\/\/pcsektor.eu\/en\/wp-json\/wp\/v2\/product_tag?post=224817"}],"curies":[{"name":"wp","href":"https:\/\/api.w.org\/{rel}","templated":true}]}}