{"id":224825,"date":"2025-09-04T11:51:43","date_gmt":"2025-09-04T11:51:43","guid":{"rendered":"https:\/\/pcsektor.eu\/product\/hp-527pu-27-ips-qhd-100hz-5ms-blck-slvr-3r\/"},"modified":"2026-04-17T14:24:09","modified_gmt":"2026-04-17T14:24:09","slug":"hp-527pu-27-ips-qhd-100hz-5ms-blck-slvr-3r","status":"publish","type":"product","link":"https:\/\/pcsektor.eu\/en\/product\/hp-527pu-27-ips-qhd-100hz-5ms-blck-slvr-3r\/","title":{"rendered":"HP &#8211; 527pu &#8211; 27 &#8211; IPS &#8211; QHD &#8211; 100Hz &#8211; 5ms &#8211; Blck-Slvr &#8211; 3R"},"content":{"rendered":"<p><b> Roz\u0161\u00edrte svoje mo\u017enosti s 27&#8243; monitorom HP Series 5 Pro QHD USB-C. Jeho \u0161t\u00fdlov\u00fd, modern\u00fd dizajn poskytuje ostr\u00fd a ohromuj\u00faci obraz a vylep\u0161en\u00e9 100W nap\u00e1janie pomocou jedin\u00e9ho k\u00e1bla, ktor\u00e9 umo\u017e\u0148uje bezprobl\u00e9mov\u00e9 pripojenie k po\u010d\u00edta\u010dom a perif\u00e9ri\u00e1m doma alebo v kancel\u00e1rii. <\/b><\/p>\n<p>* HP Eye Ease<\/p>\n<p><b>Typ obrazovky: <\/b> IPS<br \/>\n<b>Podsvietenie: <\/b> Podsvietenie v r\u00e1m\u010deku; WLED<br \/>\n<b>Uhloprie\u010dka [palca]: <\/b> 27&#8243;<br \/>\n<b>Rozl\u00ed\u0161enie: <\/b> QHD (2 560 x 1 440)<br \/>\n<b>Rozte\u010d bodu [mm]: <\/b> 0,23<br \/>\n<b>Obnovovacia frekvencia [Hz]: <\/b> 100 Hz<br \/>\n<b>Pomer str\u00e1n: <\/b> 16:9<br \/>\n<b>Povrch displeja: <\/b> Antireflexn\u00fd filter<br \/>\n<b>Jas [cd\/m2]: <\/b> 350<br \/>\n<b>Kontrast: <\/b> 1 500:1<br \/>\n<b>Odozva [ms]: <\/b> 5ms GtG (s funkciou Overdrive)<br \/>\n<b>Pozorovacie uhly (Horizont\u00e1l\/Vertik\u00e1l): <\/b> 178\u00b0\/178\u00b0<br \/>\n<b>Po\u010det farieb: <\/b> Podpora a\u017e 16,7 mili\u00f3na farieb<\/p>\n<p><b>Konektory:<\/b><\/p>\n<p>*DisplayPort\u2122: 1x DisplayPort\u2122 1.4<br \/>\n*V\u00fdstup DisplayPort\u2122: 1x v\u00fdstup DisplayPort\u2122 1.4<br \/>\n*Rozhranie Ethernet: 1x RJ-45 (10\/100\/1000 Mb\/s)<br \/>\n*HDCP: \u00c1no, DisplayPort\u2122, HDMI a USB Type-C\u00ae<br \/>\n*HDMI: 1x HDMI 2.0<br \/>\n*USB Type-A: 3x USB Type-A s prenosovou r\u00fdchlos\u0165ou sign\u00e1lu 5 Gb\/s (1x nab\u00edjac\u00ed)<br \/>\n*D\u00e1ta USB Type-C\u00ae: 1x USB Type-C\u00ae s prenosovou r\u00fdchlos\u0165ou 5 Gb\/s (USB Power Delivery a\u017e 15 W)<br \/>\n*Vstup videa USB Type-C\u00ae: 1x USB Type-C\u00ae s prenosovou r\u00fdchlos\u0165ou 5 Gb\/s (USB Power Delivery a\u017e 100 W, Alt Mode DisplayPort\u2122 1.4)<\/p>\n<p><b>Nap\u00e1janie: <\/b> 100\u2013240 V AC 50\/60 Hz, Intern\u00e9<br \/>\n<b>Spotreba [W]: <\/b> 19<br \/>\n<b>Trieda energetickej n\u00e1ro\u010dnosti: <\/b> E<\/p>\n<p><b>Mont\u00e1\u017e na stenu: <\/b> 100 \u00d7 100 mm<\/p>\n<p><b>Nakl\u00e1panie monitora: <\/b><\/p>\n<p>* Rozsah nastavenia v\u00fd\u0161ky: 150 mm<br \/>\n*Oto\u010dn\u00fd bod: \u00b190\u00b0<br \/>\n*Oto\u010denie: \u00b145\u00b0<br \/>\n*Naklonenie: -5 a\u017e +20\u00b0<\/p>\n<p><b>Farba: <\/b> \u010cierna\/ strieborn\u00e1<br \/>\n<b>Rozmery (so stojanom, \u0160xVxH mm): <\/b> 613,4 x 543,8 x 207<br \/>\n<b>Rozmery (bez stojana, \u0160xVxH mm): <\/b> 613,4 x 356,7 x 47,3<br \/>\n<b>Hmotnos\u0165 [kg]: <\/b> 7,2 kg (s podstavcom)<\/p>\n<p><b>Obsah balenia: <\/b> Z\u00e1ru\u010dn\u00fd list; Nap\u00e1jac\u00ed k\u00e1bel; Let\u00e1k r\u00fdchleho nastavenia; 1x k\u00e1bel USB Type-C\u00ae na Type-C<\/p>\n<p><b>Z\u00e1ruka: <\/b> 36 mes.<\/p>\n<p><b>Pre spr\u00e1vnu kompatibilitu Care Packu, vyu\u017eite HP port\u00e1l<\/b> <b> <a href=\"https:\/\/cpc2.ext.hp.com\/?countries=CZ\" target=\"_blank\" rel=\"noopener\">https:\/\/cpc2.ext.hp.com\/?countries= CZ<\/a> <\/b><\/p>\n","protected":false},"excerpt":{"rendered":"<p>Roz\u0161\u00edrte svoje mo\u017enosti s 27&#8243; monitorom HP Series 5 Pro QHD USB-C. Jeho \u0161t\u00fdlov\u00fd, modern\u00fd dizajn poskytuje ostr\u00fd a ohromuj\u00faci obraz a vylep\u0161en\u00e9 100W nap\u00e1janie pomocou jedin\u00e9ho k\u00e1bla, ktor\u00e9 umo\u017e\u0148uje bezprobl\u00e9mov\u00e9 pripojenie k po\u010d\u00edta\u010dom a perif\u00e9ri\u00e1m doma alebo v kancel\u00e1rii. * HP Eye Ease Typ obrazovky: IPS Podsvietenie: Podsvietenie v r\u00e1m\u010deku; WLED Uhloprie\u010dka [palca]: 27&#8243; [&hellip;]<\/p>\n","protected":false},"featured_media":224826,"template":"","meta":[],"product_brand":[1289],"product_cat":[1302],"product_tag":[1472,5523],"class_list":{"0":"post-224825","1":"product","2":"type-product","3":"status-publish","4":"has-post-thumbnail","6":"product_brand-hp","7":"product_cat-monitory","8":"product_tag-monitory-27-30-palcu","9":"product_tag-monitory-27-30","11":"first","12":"instock","13":"shipping-taxable","14":"purchasable","15":"product-type-simple"},"_links":{"self":[{"href":"https:\/\/pcsektor.eu\/en\/wp-json\/wp\/v2\/product\/224825","targetHints":{"allow":["GET"]}}],"collection":[{"href":"https:\/\/pcsektor.eu\/en\/wp-json\/wp\/v2\/product"}],"about":[{"href":"https:\/\/pcsektor.eu\/en\/wp-json\/wp\/v2\/types\/product"}],"wp:featuredmedia":[{"embeddable":true,"href":"https:\/\/pcsektor.eu\/en\/wp-json\/wp\/v2\/media\/224826"}],"wp:attachment":[{"href":"https:\/\/pcsektor.eu\/en\/wp-json\/wp\/v2\/media?parent=224825"}],"wp:term":[{"taxonomy":"product_brand","embeddable":true,"href":"https:\/\/pcsektor.eu\/en\/wp-json\/wp\/v2\/product_brand?post=224825"},{"taxonomy":"product_cat","embeddable":true,"href":"https:\/\/pcsektor.eu\/en\/wp-json\/wp\/v2\/product_cat?post=224825"},{"taxonomy":"product_tag","embeddable":true,"href":"https:\/\/pcsektor.eu\/en\/wp-json\/wp\/v2\/product_tag?post=224825"}],"curies":[{"name":"wp","href":"https:\/\/api.w.org\/{rel}","templated":true}]}}