{"id":224841,"date":"2025-09-04T11:52:16","date_gmt":"2025-09-04T11:52:16","guid":{"rendered":"https:\/\/pcsektor.eu\/product\/dell-s2425hs-238-ips-fhd-100hz-4ms-blck-white-3rnbd\/"},"modified":"2026-04-17T11:06:26","modified_gmt":"2026-04-17T11:06:26","slug":"dell-s2425hs-238-ips-fhd-100hz-4ms-blck-white-3rnbd","status":"publish","type":"product","link":"https:\/\/pcsektor.eu\/en\/product\/dell-s2425hs-238-ips-fhd-100hz-4ms-blck-white-3rnbd\/","title":{"rendered":"Dell - S2425HS - 238 - IPS - FHD - 100Hz - 4ms - Blck-White - 3RNBD"},"content":{"rendered":"<p><b><u>Display<\/u><\/b><br \/>\n* <b>Visible diagonal:<\/b> 23,8&#8243;<br \/>\n* <b>Panel type:<\/b> In-Plane Switching (IPS) technology<br \/>\n* <b>Screen display surface:<\/b> Anti-glare 3H hardness<br \/>\n* <b>Maximum preset resolution: <\/b> Full HD 1920 x 1080 at 100 Hz<br \/>\n* <b>Viewing angle:<\/b> 178\/178<br \/>\n* <b>Pixel pitch:<\/b> 0.2745 mm x 0.2745 mm<br \/>\n* <b>Pixels per inch (PPI):<\/b> 93<br \/>\n* <b>Contrast ratio:<\/b> 1500:1<br \/>\n* <b>Aspect Ratio:<\/b> 16:9<br \/>\n* <b>Yeah:<\/b> 250 cd\/m2<br \/>\n* <b>Response time:<\/b> 4 ms (extreme mode)<br \/>\n* <b>Speaker:<\/b> Built-in speaker 2 x 5W<\/p>\n<p><b><u>Connectivity<\/u><\/b><br \/>\n*2 x HDMI (HDCP1.4)<\/p>\n<p><b><u>Dimensions<\/u><\/b><br \/>\n* <b>Height with stand pulled out:<\/b> 347.03 mm - 477.03 mm<br \/>\n* <b>Width with stand:<\/b> 537.64 mm<br \/>\n* <b>Depth with stand:<\/b> 188.14 mm<br \/>\n* <b>Height without stand:<\/b> 313.73 mm<br \/>\n* <b>Width without stand:<\/b> 537.64 mm<br \/>\n* <b>Depth without stand:<\/b> 58.89 mm<br \/>\n* <b>Weight (monitor only - for VESA hanging):<\/b> 3.19 kg<br \/>\n* <b>Weight (including packaging):<\/b> 6.87 kg<\/p>\n<p><b><u>Power<\/u><\/b><br \/>\n* <b>Required Voltage:<\/b> AC 100-240 V (50\/60 Hz)<br \/>\n* <b>Energy consumption in normal operation:<\/b> 14.5 W<br \/>\n* <b>Power consumption in standby\/sleep mode:<\/b> 0.3 Watt<\/p>\n<p><b><u>Temperature range<\/u><\/b><br \/>\n*Min Operating Temperature: 0 \u00b0C<br \/>\n*Max Operating Temperature: 40 \u00b0C<\/p>\n<p><b><u>Operating humidity range<\/u><\/b><br \/>\n* 10 - 80% (non-condensing)<\/p>\n<p><b><u>Customizing<\/u><\/b><br \/>\n* Height adjustable stand 130 mm<br \/>\n* Tilt -5\u00b0 to 21\u00b0<br \/>\n* Rotation -30\u00b0 to 30\u00b0<br \/>\n* Pivot -90\u00b0 to 90\u00b0<br \/>\n* <b>Interface for VESA flat panel monitor mounting:<\/b> 100 x 100 mm<\/p>\n<p><b><u>Warranty<\/u><\/b><br \/>\n* <b>Type<\/b>: 3-year Advanced Exchange Service and Premium Panel Exchange<\/p>\n<p>Premium Panel Exchange Service<br \/>\nDell Premium Panel Exchange allows you to replace your monitor free of charge for the duration of your limited hardware warranty, even if you find a single defective bright pixel.<\/p>\n<p>Advanced Exchange Service<br \/>\nThis monitor comes with three years of Advanced Exchange Service. If necessary, a replacement monitor will be shipped to you the next business day during the three-year limited hardware warranty period.<\/p>\n<p><b><u>Manufacturer's website<\/u><\/b><br \/>\n* <b>Link<\/b>: https:\/\/www.dell.com\/en-us\/shop\/dell-24-monitor-s2425hs\/apd\/210-bmgz\/monitors-monitor-accessories<\/p>","protected":false},"excerpt":{"rendered":"<p>Displej * Vidite\u013en\u00e1 uhloprie\u010dka: 23,8&#8243; * Typ panela: In-Plane Switching (IPS) technology * Povrch displeja obrazovky: Anti-glare 3H hardness * Maxim\u00e1lne prednastaven\u00e9 rozl\u00ed\u0161enie: Full HD 1920 x 1080 at 100 Hz * Pozorovac\u00ed uhol: 178\/178 * Rozte\u010d pixelov: 0.2745 mm x 0.2745 mm * Pixely na palec (PPI): 93 * Kontrastn\u00fd pomer: 1500:1 * Pomer [&hellip;]<\/p>\n","protected":false},"featured_media":224842,"template":"","meta":[],"product_brand":[1294],"product_cat":[1302],"product_tag":[1471,5522],"class_list":{"0":"post-224841","1":"product","2":"type-product","3":"status-publish","4":"has-post-thumbnail","6":"product_brand-dell","7":"product_cat-monitory","8":"product_tag-monitory-236-26-palcu","9":"product_tag-monitory-236-26","11":"first","12":"outofstock","13":"shipping-taxable","14":"purchasable","15":"product-type-simple"},"_links":{"self":[{"href":"https:\/\/pcsektor.eu\/en\/wp-json\/wp\/v2\/product\/224841","targetHints":{"allow":["GET"]}}],"collection":[{"href":"https:\/\/pcsektor.eu\/en\/wp-json\/wp\/v2\/product"}],"about":[{"href":"https:\/\/pcsektor.eu\/en\/wp-json\/wp\/v2\/types\/product"}],"wp:featuredmedia":[{"embeddable":true,"href":"https:\/\/pcsektor.eu\/en\/wp-json\/wp\/v2\/media\/224842"}],"wp:attachment":[{"href":"https:\/\/pcsektor.eu\/en\/wp-json\/wp\/v2\/media?parent=224841"}],"wp:term":[{"taxonomy":"product_brand","embeddable":true,"href":"https:\/\/pcsektor.eu\/en\/wp-json\/wp\/v2\/product_brand?post=224841"},{"taxonomy":"product_cat","embeddable":true,"href":"https:\/\/pcsektor.eu\/en\/wp-json\/wp\/v2\/product_cat?post=224841"},{"taxonomy":"product_tag","embeddable":true,"href":"https:\/\/pcsektor.eu\/en\/wp-json\/wp\/v2\/product_tag?post=224841"}],"curies":[{"name":"wp","href":"https:\/\/api.w.org\/{rel}","templated":true}]}}