{"id":224847,"date":"2025-09-04T11:52:27","date_gmt":"2025-09-04T11:52:27","guid":{"rendered":"https:\/\/pcsektor.eu\/product\/dell-s2725ds-27-ips-qhd-100hz-4ms-blck-white-3rnbd\/"},"modified":"2026-01-11T19:45:49","modified_gmt":"2026-01-11T19:45:49","slug":"dell-s2725ds-27-ips-qhd-100hz-4ms-blck-white-3rnbd","status":"publish","type":"product","link":"https:\/\/pcsektor.eu\/en\/product\/dell-s2725ds-27-ips-qhd-100hz-4ms-blck-white-3rnbd\/","title":{"rendered":"Dell &#8211; S2725DS &#8211; 27 &#8211; IPS &#8211; QHD &#8211; 100Hz &#8211; 4ms &#8211; Blck-White &#8211; 3RNBD"},"content":{"rendered":"<p><b><u>Display<\/u><\/b><br \/>\n* <b>Visible diagonal:<\/b> 27&#8243;<br \/>\n* <b>Panel type:<\/b> In-Plane Switching (IPS) technology<br \/>\n* <b>Screen display surface:<\/b> Anti-glare 3H hardness<br \/>\n* <b>Maximum preset resolution: <\/b> QHD 2560 x 1440 at 100 Hz<br \/>\n* <b>Viewing angle:<\/b> 178\/178<br \/>\n* <b>Pixel pitch:<\/b> 0.2331 mm x 0.2331 mm<br \/>\n* <b>Pixels per inch (PPI):<\/b> 109<br \/>\n* <b>Contrast ratio:<\/b> 1500:1<br \/>\n* <b>Aspect Ratio:<\/b> 16:9<br \/>\n* <b>Yeah:<\/b> 350 cd\/m2<br \/>\n* <b>Response time:<\/b> 4 ms (extreme mode)<br \/>\n* <b>Speaker:<\/b> Built-in speaker 2 x 5W<\/p>\n<p><b><u>Connectivity<\/u><\/b><br \/>\n* 2 x HDMI (HDCP 1.4) (Supports up to QHD 2560 x 1440<br \/>\n100 Hz TMDS, VRR as for special in HDMI 2.1)<br \/>\n* 1 x DisplayPort 1.2 (HDCP1.4) (Supports up to QHD<br \/>\n2560 x 1440 100 Hz, VRR)<\/p>\n<p><b><u>Dimensions<\/u><\/b><br \/>\n* <b>Height with stand pulled out:<\/b> 388.63 mm - 518.63 mm<br \/>\n* <b>Width with stand:<\/b> 611.34 mm<br \/>\n* <b>Depth with stand:<\/b> 200.38 mm<br \/>\n* <b>Height without stand:<\/b> 355.98 mm<br \/>\n* <b>Width without stand:<\/b> 611.34 mm<br \/>\n* <b>Depth without stand:<\/b> 58.81 mm<br \/>\n* <b>Weight (monitor only - for VESA hanging):<\/b> 4.49 kg<br \/>\n* <b>Weight (including packaging):<\/b> 8.64 kg<\/p>\n<p><b><u>Power<\/u><\/b><br \/>\n* <b>Required Voltage:<\/b> AC 100-240 V (50\/60 Hz)<br \/>\n* <b>Energy consumption in normal operation:<\/b> 21,4 W<br \/>\n* <b>Power consumption in standby\/sleep mode:<\/b> 0.3 Watt<\/p>\n<p><b><u>Temperature range<\/u><\/b><br \/>\n*Min Operating Temperature: 0 \u00b0C<br \/>\n*Max Operating Temperature: 40 \u00b0C<\/p>\n<p><b><u>Operating humidity range<\/u><\/b><br \/>\n* 10 - 80% (non-condensing)<\/p>\n<p><b><u>Customizing<\/u><\/b><br \/>\n* Height adjustable stand 130 mm<br \/>\n* Tilt -5\u00b0 to 21\u00b0<br \/>\n* Rotation -30\u00b0 to 30\u00b0<br \/>\n* Pivot -90\u00b0 to 90\u00b0<br \/>\n* <b>Interface for VESA flat panel monitor mounting:<\/b> 100 x 100 mm<\/p>\n<p><b><u>Warranty<\/u><\/b><br \/>\n* <b>Type<\/b>: 3-year Advanced Exchange Service and Premium Panel Exchange<\/p>\n<p>Premium Panel Exchange Service<br \/>\nDell Premium Panel Exchange allows you to replace your monitor free of charge for the duration of your limited hardware warranty, even if you find a single defective bright pixel.<\/p>\n<p>Advanced Exchange Service<br \/>\nThis monitor comes with three years of Advanced Exchange Service. If necessary, a replacement monitor will be shipped to you the next business day during the three-year limited hardware warranty period.<\/p>\n<p><b><u>Manufacturer's website<\/u><\/b><br \/>\n* <b>Link<\/b>: https:\/\/www.dell.com\/en-us\/shop\/dell-27-monitor-s2725ds\/apd\/210-bmhc\/monitors-monitor-accessories<\/p>","protected":false},"excerpt":{"rendered":"<p>Displej * Vidite\u013en\u00e1 uhloprie\u010dka: 27&#8243; * Typ panela: In-Plane Switching (IPS) technology * Povrch displeja obrazovky: Anti-glare 3H hardness * Maxim\u00e1lne prednastaven\u00e9 rozl\u00ed\u0161enie: QHD 2560 x 1440 at 100 Hz * Pozorovac\u00ed uhol: 178\/178 * Rozte\u010d pixelov: 0.2331 mm x 0.2331 mm * Pixely na palec (PPI): 109 * Kontrastn\u00fd pomer: 1500:1 * Pomer str\u00e1n: [&hellip;]<\/p>\n","protected":false},"featured_media":224848,"template":"","meta":[],"product_brand":[1294],"product_cat":[1302],"product_tag":[1472,5523],"class_list":{"0":"post-224847","1":"product","2":"type-product","3":"status-publish","4":"has-post-thumbnail","6":"product_brand-dell","7":"product_cat-monitory","8":"product_tag-monitory-27-30-palcu","9":"product_tag-monitory-27-30","11":"first","12":"outofstock","13":"shipping-taxable","14":"purchasable","15":"product-type-simple"},"_links":{"self":[{"href":"https:\/\/pcsektor.eu\/en\/wp-json\/wp\/v2\/product\/224847","targetHints":{"allow":["GET"]}}],"collection":[{"href":"https:\/\/pcsektor.eu\/en\/wp-json\/wp\/v2\/product"}],"about":[{"href":"https:\/\/pcsektor.eu\/en\/wp-json\/wp\/v2\/types\/product"}],"wp:featuredmedia":[{"embeddable":true,"href":"https:\/\/pcsektor.eu\/en\/wp-json\/wp\/v2\/media\/224848"}],"wp:attachment":[{"href":"https:\/\/pcsektor.eu\/en\/wp-json\/wp\/v2\/media?parent=224847"}],"wp:term":[{"taxonomy":"product_brand","embeddable":true,"href":"https:\/\/pcsektor.eu\/en\/wp-json\/wp\/v2\/product_brand?post=224847"},{"taxonomy":"product_cat","embeddable":true,"href":"https:\/\/pcsektor.eu\/en\/wp-json\/wp\/v2\/product_cat?post=224847"},{"taxonomy":"product_tag","embeddable":true,"href":"https:\/\/pcsektor.eu\/en\/wp-json\/wp\/v2\/product_tag?post=224847"}],"curies":[{"name":"wp","href":"https:\/\/api.w.org\/{rel}","templated":true}]}}