{"id":224905,"date":"2025-09-04T11:54:34","date_gmt":"2025-09-04T11:54:34","guid":{"rendered":"https:\/\/pcsektor.eu\/product\/hp-524sf-238-ips-fhd-100hz-5ms-blck-slvr-2r\/"},"modified":"2026-03-27T14:46:30","modified_gmt":"2026-03-27T14:46:30","slug":"hp-524sf-238-ips-fhd-100hz-5ms-blck-slvr-2r","status":"publish","type":"product","link":"https:\/\/pcsektor.eu\/en\/product\/hp-524sf-238-ips-fhd-100hz-5ms-blck-slvr-2r\/","title":{"rendered":"HP &#8211; 524sf &#8211; 238 &#8211; IPS &#8211; FHD &#8211; 100Hz &#8211; 5ms &#8211; Blck-Slvr &#8211; 2R"},"content":{"rendered":"<p><b> HP Series 5 23.8 inch FHD Monitor <\/b><\/p>\n<p>* HP Eye Ease<\/p>\n<p><b>Typ obrazovky: <\/b> IPS<br \/>\n<b>Podsvietenie: <\/b> W-LED<br \/>\n<b>Uhloprie\u010dka [palca]: <\/b> 23.8&#8243;<br \/>\n<b>Rozl\u00ed\u0161enie: <\/b> FHD (1920 x 1080)<br \/>\n<b>Rozte\u010d bodu [mm]: <\/b> 0.28<br \/>\n<b>Obnovovacia frekvencia [Hz]: <\/b> 100 Hz<br \/>\n<b>Pomer str\u00e1n: <\/b> 16:9<br \/>\n<b>Povrch displeja: <\/b> Anti-glare<br \/>\n<b>Jas [cd\/m2]: <\/b> 300<br \/>\n<b>Kontrast: <\/b> 1500:1<br \/>\n<b>Odozva [ms]: <\/b> 5ms GtG (with overdrive)<br \/>\n<b>Pozorovacie uhly (Horizont\u00e1l\/Vertik\u00e1l): <\/b> 178\/178<br \/>\n<b>Po\u010det farieb: <\/b> Up to 16.7 million colors<\/p>\n<p><b>Konektory:<\/b><\/p>\n<p>*HDMI 1.4<br \/>\n*VGA port<\/p>\n<p><b>Nap\u00e1janie: <\/b> Input voltage 100 to 240 VAC, 50\/60 Hz<br \/>\n<b>Spotreba [W]: <\/b> 16 W<br \/>\n<b>Stand By re\u017eim [W]: <\/b> 0,5 W<\/p>\n<p><b>Farba: <\/b> Strieborn\u00e1, \u010dierna<br \/>\n<b>Rozmery (so stojanom, \u0160xVxH cm): <\/b> 53.58 x 39.68 x 17.72 cm<br \/>\n<b>Rozmery (bez stojana, \u0160xVxH cm): <\/b> 53.58 x 31.56 x 3.4 cm<br \/>\n<b>Hmotnos\u0165 [kg]: <\/b> 2.5 kg<\/p>\n<p><b>Obsah balenia: <\/b> Monitor; HDMI cable; Power adapt\u00e9r; AC power cord; Document kit<\/p>\n<p><b>Z\u00e1ruka: <\/b> 24 mes.<\/p>\n","protected":false},"excerpt":{"rendered":"<p>HP Series 5 23.8 inch FHD Monitor * HP Eye Ease Typ obrazovky: IPS Podsvietenie: W-LED Uhloprie\u010dka [palca]: 23.8&#8243; Rozl\u00ed\u0161enie: FHD (1920 x 1080) Rozte\u010d bodu [mm]: 0.28 Obnovovacia frekvencia [Hz]: 100 Hz Pomer str\u00e1n: 16:9 Povrch displeja: Anti-glare Jas [cd\/m2]: 300 Kontrast: 1500:1 Odozva [ms]: 5ms GtG (with overdrive) Pozorovacie uhly (Horizont\u00e1l\/Vertik\u00e1l): 178\/178 Po\u010det [&hellip;]<\/p>\n","protected":false},"featured_media":224906,"template":"","meta":[],"product_brand":[1289],"product_cat":[1302],"product_tag":[1471,5522],"class_list":{"0":"post-224905","1":"product","2":"type-product","3":"status-publish","4":"has-post-thumbnail","6":"product_brand-hp","7":"product_cat-monitory","8":"product_tag-monitory-236-26-palcu","9":"product_tag-monitory-236-26","11":"first","12":"outofstock","13":"shipping-taxable","14":"purchasable","15":"product-type-simple"},"_links":{"self":[{"href":"https:\/\/pcsektor.eu\/en\/wp-json\/wp\/v2\/product\/224905","targetHints":{"allow":["GET"]}}],"collection":[{"href":"https:\/\/pcsektor.eu\/en\/wp-json\/wp\/v2\/product"}],"about":[{"href":"https:\/\/pcsektor.eu\/en\/wp-json\/wp\/v2\/types\/product"}],"wp:featuredmedia":[{"embeddable":true,"href":"https:\/\/pcsektor.eu\/en\/wp-json\/wp\/v2\/media\/224906"}],"wp:attachment":[{"href":"https:\/\/pcsektor.eu\/en\/wp-json\/wp\/v2\/media?parent=224905"}],"wp:term":[{"taxonomy":"product_brand","embeddable":true,"href":"https:\/\/pcsektor.eu\/en\/wp-json\/wp\/v2\/product_brand?post=224905"},{"taxonomy":"product_cat","embeddable":true,"href":"https:\/\/pcsektor.eu\/en\/wp-json\/wp\/v2\/product_cat?post=224905"},{"taxonomy":"product_tag","embeddable":true,"href":"https:\/\/pcsektor.eu\/en\/wp-json\/wp\/v2\/product_tag?post=224905"}],"curies":[{"name":"wp","href":"https:\/\/api.w.org\/{rel}","templated":true}]}}