{"id":225355,"date":"2025-09-04T12:11:34","date_gmt":"2025-09-04T12:11:34","guid":{"rendered":"https:\/\/pcsektor.eu\/product\/hp-322pf-215-ips-fhd-100hz-5ms-black-3r\/"},"modified":"2026-04-17T14:26:14","modified_gmt":"2026-04-17T14:26:14","slug":"hp-322pf-215-ips-fhd-100hz-5ms-black-3r","status":"publish","type":"product","link":"https:\/\/pcsektor.eu\/en\/product\/hp-322pf-215-ips-fhd-100hz-5ms-black-3r\/","title":{"rendered":"HP &#8211; 322pf &#8211; 215 &#8211; IPS &#8211; FHD &#8211; 100Hz &#8211; 5ms &#8211; Black &#8211; 3R"},"content":{"rendered":"<p><b> 21,5\u201c monitor HP Series 3 Pro FHD &#8211; 322pf <\/b><\/p>\n<p>Spr\u00edjemnite si ka\u017edodenn\u00fa pr\u00e1cu na projektoch a plnenie \u00faloh na v\u00e4\u010d\u0161om pracovnom priestore a dosahujte lep\u0161ie v\u00fdsledky. Tento elegantn\u00fd 21,5\u201c monitor s rozl\u00ed\u0161en\u00edm FHD sa m\u00f4\u017ee pochv\u00e1li\u0165 kvalitnou obrazovkou IPS vidite\u013enou z \u013eubovo\u013en\u00e9ho uhla a obnovovacou frekvenciou a\u017e 100 Hz[1] a prehr\u00e1va ostr\u00fd obraz s plynul\u00fdmi pohybmi.<\/p>\n<p>*IPS<br \/>\n*Full HD<br \/>\n*HP Eye Ease<br \/>\n*100Hz<\/p>\n<p><b>Typ obrazovky: <\/b> IPS<br \/>\n<b>Uhloprie\u010dka [palca]: <\/b> 21,5<br \/>\n<b>Rozl\u00ed\u0161enie: <\/b> FHD (1 920 x 1 080)<br \/>\n<b>Rozte\u010d bodu [mm]: <\/b> 0,25<br \/>\n<b>Obnovovacia frekvencia [Hz]: <\/b> 100<br \/>\n<b>Pomer str\u00e1n: <\/b> 16:9<br \/>\n<b>Jas [cd\/m2]: <\/b> 250<br \/>\n<b>Kontrast: <\/b> 1000:1<br \/>\n<b>Odozva [ms]: <\/b> 5<br \/>\n<b>Farby zobrazenie:<\/b> 16,7mil.<br \/>\n<b>Pozorovacie uhly (Horizont\u00e1l\/Vertik\u00e1l): <\/b> 178\/178<\/p>\n<p><b>Konektory:<\/b><\/p>\n<p>*1 port HDMI 1.4<br \/>\n*1x DisplayPort\u2122 1.2<br \/>\n*1 VGA<\/p>\n<p>HDCP: \u00c1no, DisplayPort\u2122 a HDMI<\/p>\n<p><b>Nap\u00e1janie: <\/b> Intern\u00e9, 100\u2013240 V AC 50\/60 Hz<br \/>\n<b>Stand By re\u017eim [W]: <\/b> 0,5<br \/>\n<b>Trieda energetickej n\u00e1ro\u010dnosti: <\/b> D<\/p>\n<p><b>Mont\u00e1\u017e na stenu: <\/b> 100 x 100mm<br \/>\n<b>Nakl\u00e1panie monitora: <\/b> Naklonenie -5 a\u017e +23\u00b0<br \/>\n<b>Rozmery (so stojanom, \u0160xVxH mm): <\/b> 488 \u00d7 180,4 \u00d7 378,2<br \/>\n<b>Hmotnos\u0165 [kg]: <\/b> 3,25<\/p>\n<p><b>Obsah balenia: <\/b> Monitor; K\u00e1bel HDMI; Z\u00e1ru\u010dn\u00fd list; \u00davodn\u00fd let\u00e1k; Nap\u00e1jac\u00ed k\u00e1bel AC<\/p>\n<p><b>Z\u00e1ruka: <\/b> 3 roky<\/p>\n","protected":false},"excerpt":{"rendered":"<p>21,5\u201c monitor HP Series 3 Pro FHD &#8211; 322pf Spr\u00edjemnite si ka\u017edodenn\u00fa pr\u00e1cu na projektoch a plnenie \u00faloh na v\u00e4\u010d\u0161om pracovnom priestore a dosahujte lep\u0161ie v\u00fdsledky. Tento elegantn\u00fd 21,5\u201c monitor s rozl\u00ed\u0161en\u00edm FHD sa m\u00f4\u017ee pochv\u00e1li\u0165 kvalitnou obrazovkou IPS vidite\u013enou z \u013eubovo\u013en\u00e9ho uhla a obnovovacou frekvenciou a\u017e 100 Hz[1] a prehr\u00e1va ostr\u00fd obraz s plynul\u00fdmi [&hellip;]<\/p>\n","protected":false},"featured_media":225356,"template":"","meta":[],"product_brand":[1289],"product_cat":[1302],"product_tag":[1478,5527],"class_list":{"0":"post-225355","1":"product","2":"type-product","3":"status-publish","4":"has-post-thumbnail","6":"product_brand-hp","7":"product_cat-monitory","8":"product_tag-monitory-21-23-palcu","9":"product_tag-monitory-21-23","11":"first","12":"instock","13":"shipping-taxable","14":"purchasable","15":"product-type-simple"},"_links":{"self":[{"href":"https:\/\/pcsektor.eu\/en\/wp-json\/wp\/v2\/product\/225355","targetHints":{"allow":["GET"]}}],"collection":[{"href":"https:\/\/pcsektor.eu\/en\/wp-json\/wp\/v2\/product"}],"about":[{"href":"https:\/\/pcsektor.eu\/en\/wp-json\/wp\/v2\/types\/product"}],"wp:featuredmedia":[{"embeddable":true,"href":"https:\/\/pcsektor.eu\/en\/wp-json\/wp\/v2\/media\/225356"}],"wp:attachment":[{"href":"https:\/\/pcsektor.eu\/en\/wp-json\/wp\/v2\/media?parent=225355"}],"wp:term":[{"taxonomy":"product_brand","embeddable":true,"href":"https:\/\/pcsektor.eu\/en\/wp-json\/wp\/v2\/product_brand?post=225355"},{"taxonomy":"product_cat","embeddable":true,"href":"https:\/\/pcsektor.eu\/en\/wp-json\/wp\/v2\/product_cat?post=225355"},{"taxonomy":"product_tag","embeddable":true,"href":"https:\/\/pcsektor.eu\/en\/wp-json\/wp\/v2\/product_tag?post=225355"}],"curies":[{"name":"wp","href":"https:\/\/api.w.org\/{rel}","templated":true}]}}