{"id":225441,"date":"2025-09-04T12:15:19","date_gmt":"2025-09-04T12:15:19","guid":{"rendered":"https:\/\/pcsektor.eu\/product\/hp-524pm-238-ips-fhd-100hz-5ms-blck-slvr-3r\/"},"modified":"2026-04-17T14:26:51","modified_gmt":"2026-04-17T14:26:51","slug":"hp-524pm-238-ips-fhd-100hz-5ms-blck-slvr-3r","status":"publish","type":"product","link":"https:\/\/pcsektor.eu\/en\/product\/hp-524pm-238-ips-fhd-100hz-5ms-blck-slvr-3r\/","title":{"rendered":"HP - 524pm - 238 - IPS - FHD - 100Hz - 5ms - Blck-Slvr - 3R"},"content":{"rendered":"<p><b> 23,8&#8243; konferen\u010dn\u00fd monitor HP Series 5 Pro FHD USB-C zais\u0165uje bezprobl\u00e9mov\u00fa spolupr\u00e1cu. S pokro\u010dilou umelou inteligenciou m\u00f4\u017eete organizova\u0165 sch\u00f4dzky bez rozpty\u013eovania, nech pracujete kdeko\u013evek. U\u017e\u00edvajte si \u00fapln\u00e9 pohodlie v\u010faka prisp\u00f4sobite\u013en\u00e9mu nastaveniu. <\/b><\/p>\n<p>* HP Eye Ease<\/p>\n<p><b>Typ obrazovky: <\/b> IPS<br \/>\n<b>Podsvietenie: <\/b> Podsvietenie v r\u00e1m\u010deku; WLED<br \/>\n<b>Uhloprie\u010dka [palca]: <\/b> 23,8&#8243;<br \/>\n<b>Rozl\u00ed\u0161enie: <\/b> FHD (1 920 x 1 080 pri 100 Hz)<br \/>\n<b>Rozte\u010d bodu [mm]: <\/b> 0,27<br \/>\n<b>Obnovovacia frekvencia [Hz]: <\/b> 100 Hz<br \/>\n<b>Pomer str\u00e1n: <\/b> 16:9<br \/>\n<b>Povrch displeja: <\/b> Antireflexn\u00fd filter<br \/>\n<b>Jas [cd\/m2]: <\/b> 350 nitov<br \/>\n<b>Kontrast: <\/b> 1 500:1<br \/>\n<b>Odozva [ms]: <\/b> 5ms GtG (s funkciou Overdrive)<br \/>\n<b>Pozorovacie uhly (Horizont\u00e1l\/Vertik\u00e1l): <\/b> 178\/178<br \/>\n<b>Po\u010det farieb: <\/b> Podpora a\u017e 16,7 mili\u00f3na farieb<br \/>\n<b>Reproduktory: <\/b> Vstavan\u00e9 reproduktory s doln\u00fdm v\u00fdstupom, 4 \u00d7 3 W<\/p>\n<p><b>Konektory:<\/b><\/p>\n<p>*DisplayPort\u2122: 1x DisplayPort\u2122 1.4<br \/>\n*V\u00fdstup DisplayPort\u2122: 1x v\u00fdstup DisplayPort\u2122 1.4<br \/>\n*HDCP: \u00c1no, DisplayPort\u2122, HDMI a USB Type-C\u00ae<br \/>\n*HDMI: 1x HDMI 2.0<br \/>\n*Rozhranie Ethernet 1x RJ-45 (10\/100\/1000 Mb\/s)<br \/>\n*Zvukov\u00fd port 1x 3,5 mm zvukov\u00fd konektor (zvukov\u00fd vstup\/v\u00fdstup)<br \/>\n*USB Type-A<br \/>\n*3x USB Type-A s prenosovou r\u00fdchlos\u0165ou sign\u00e1lu 5 Gb\/s (1x nab\u00edjac\u00ed)<br \/>\n*USB B (povolenie rozbo\u010dova\u010da): 1x USB-B<br \/>\n*Vstup videa USB Type-C\u00ae: 1x USB Type-C\u00ae s prenosovou r\u00fdchlos\u0165ou 5 Gb\/s (USB Power Delivery a\u017e 100 W, Alt Mode DisplayPort\u2122 1.4)<br \/>\n*D\u00e1ta USB Type-C\u00ae: 1x USB Type-C\u00ae s prenosovou r\u00fdchlos\u0165ou 5 Gb\/s (USB Power Delivery a\u017e 15 W)<\/p>\n<p><b>Funkcia webkamery:<\/b> Samostatn\u00e9 nakl\u00e1panie v rozsahu -20 a\u017e 5\u00b0; Podpora Windows Hello (IR senzor); Mo\u017enos\u0165 zasunutia pre ochranu s\u00fakromia; Automatick\u00e9 uzamknutie a prebudenie<\/p>\n<p><b>Mikrof\u00f3n:<\/b> \u00c1no (dva mikrof\u00f3ny s funkciou potla\u010denia \u0161umu DNN)<\/p>\n<p><b>Nap\u00e1janie: <\/b> 100\u2013240 V AC 50\/60 Hz, intern\u00e9<br \/>\n<b>Spotreba [W]: <\/b> 14<br \/>\n<b>Trieda energetickej n\u00e1ro\u010dnosti: <\/b> D<\/p>\n<p><b>Mont\u00e1\u017e na stenu: <\/b> 100 \u00d7 100 mm<\/p>\n<p><b>Nakl\u00e1panie monitora: <\/b><\/p>\n<p>* Naklonenie -5 a\u017e +23 \u00b0<br \/>\n*Oto\u010denie \u00b145\u00b0<br \/>\n*Oto\u010dn\u00fd bod \u00b190\u00b0<br \/>\n*Rozsah nastavenia v\u00fd\u0161ky 150 mm<\/p>\n<p><b>Farba: <\/b> \u010cierna\/ strieborn\u00e1<br \/>\n<b>Rozmery (so stojanom, \u0160xVxH mm): <\/b> 539,4 \u00d7 503,2 \u00d7 189,5<br \/>\n<b>Rozmery (bez stojana, \u0160xVxH mm): <\/b> 212,4 \u00d7 123,7 \u00d7 18,6<br \/>\n<b>Hmotnos\u0165 [kg]: <\/b> 9,5 kg (s podstavcom); 4,99 kg (bez podstavca)<\/p>\n<p><b>Obsah balenia: <\/b> Monitor; K\u00e1bel DisplayPort\u2122; Z\u00e1ru\u010dn\u00fd list; K\u00e1bel USB Type-A na B; Let\u00e1k r\u00fdchleho nastavenia; 1\u00d7 k\u00e1bel USB Type-C\u00ae na Type-C; Nap\u00e1jac\u00ed k\u00e1bel (AC)<\/p>\n<p><b>Z\u00e1ruka: <\/b> 36 mes.<\/p>\n<p><b>Pre spr\u00e1vnu kompatibilitu Care Packu, vyu\u017eite HP port\u00e1l<\/b> <b> <a href=\"https:\/\/cpc2.ext.hp.com\/?countries=CZ\" target=\"_blank\" rel=\"noopener\">https:\/\/cpc2.ext.hp.com\/?countries= CZ<\/a> <\/b><\/p>\n","protected":false},"excerpt":{"rendered":"<p>23,8&#8243; konferen\u010dn\u00fd monitor HP Series 5 Pro FHD USB-C zais\u0165uje bezprobl\u00e9mov\u00fa spolupr\u00e1cu. S pokro\u010dilou umelou inteligenciou m\u00f4\u017eete organizova\u0165 sch\u00f4dzky bez rozpty\u013eovania, nech pracujete kdeko\u013evek. U\u017e\u00edvajte si \u00fapln\u00e9 pohodlie v\u010faka prisp\u00f4sobite\u013en\u00e9mu nastaveniu. * HP Eye Ease Typ obrazovky: IPS Podsvietenie: Podsvietenie v r\u00e1m\u010deku; WLED Uhloprie\u010dka [palca]: 23,8&#8243; Rozl\u00ed\u0161enie: FHD (1 920 x 1 080 pri 100 [&hellip;]<\/p>\n","protected":false},"featured_media":225442,"template":"","meta":[],"product_brand":[1289],"product_cat":[1302],"product_tag":[1471,5522],"class_list":{"0":"post-225441","1":"product","2":"type-product","3":"status-publish","4":"has-post-thumbnail","6":"product_brand-hp","7":"product_cat-monitory","8":"product_tag-monitory-236-26-palcu","9":"product_tag-monitory-236-26","11":"first","12":"instock","13":"shipping-taxable","14":"purchasable","15":"product-type-simple"},"_links":{"self":[{"href":"https:\/\/pcsektor.eu\/en\/wp-json\/wp\/v2\/product\/225441","targetHints":{"allow":["GET"]}}],"collection":[{"href":"https:\/\/pcsektor.eu\/en\/wp-json\/wp\/v2\/product"}],"about":[{"href":"https:\/\/pcsektor.eu\/en\/wp-json\/wp\/v2\/types\/product"}],"wp:featuredmedia":[{"embeddable":true,"href":"https:\/\/pcsektor.eu\/en\/wp-json\/wp\/v2\/media\/225442"}],"wp:attachment":[{"href":"https:\/\/pcsektor.eu\/en\/wp-json\/wp\/v2\/media?parent=225441"}],"wp:term":[{"taxonomy":"product_brand","embeddable":true,"href":"https:\/\/pcsektor.eu\/en\/wp-json\/wp\/v2\/product_brand?post=225441"},{"taxonomy":"product_cat","embeddable":true,"href":"https:\/\/pcsektor.eu\/en\/wp-json\/wp\/v2\/product_cat?post=225441"},{"taxonomy":"product_tag","embeddable":true,"href":"https:\/\/pcsektor.eu\/en\/wp-json\/wp\/v2\/product_tag?post=225441"}],"curies":[{"name":"wp","href":"https:\/\/api.w.org\/{rel}","templated":true}]}}