{"id":227459,"date":"2025-09-04T14:08:19","date_gmt":"2025-09-04T14:08:19","guid":{"rendered":"https:\/\/pcsektor.eu\/product\/adata-hd650-2tb-hdd-externy-2-5-cervena-3r\/"},"modified":"2026-04-17T14:35:11","modified_gmt":"2026-04-17T14:35:11","slug":"adata-hd650-2tb-hdd-externy-2-5-cervena-3r","status":"publish","type":"product","link":"https:\/\/pcsektor.eu\/en\/product\/adata-hd650-2tb-hdd-externy-2-5-cervena-3r\/","title":{"rendered":"ADATA HD650 - 2TB - HDD - External - 2.5 - Red - 3R"},"content":{"rendered":"<p><B>Model: <\/B>ADATA HD 650<br \/>\n<B>Kapacita: <\/B>2 TB<br \/>\n<B>Typ disku [3,5&#8243;HDD, 2,5&#8243;HDD, SSD, hybrid] :<\/B>2,5&#8243; HDD<\/p>\n<p><B>Rozhranie: <\/B>USB 3.1 (backward compatible with USB 2.0)<\/p>\n<p><B>Nap\u00e1janie: <\/B>DC 5V, 900mA<br \/>\n<B>Prev\u00e1dzkov\u00e1 teplota: <\/B>5\u00b0C (41\u00b0F) a\u017e 50\u00b0C (121\u00b0F)<br \/>\n<B>Rozmery [V x D x \u0160): <\/B>26,7&#215;126,8&#215;98,5 mm<br \/>\n<B>Hmotnos\u0165: <\/B>390g<\/p>\n","protected":false},"excerpt":{"rendered":"<p>Model: ADATA HD 650 Kapacita: 2 TB Typ disku [3,5&#8243;HDD, 2,5&#8243;HDD, SSD, hybrid] :2,5&#8243; HDD Rozhranie: USB 3.1 (backward compatible with USB 2.0) Nap\u00e1janie: DC 5V, 900mA Prev\u00e1dzkov\u00e1 teplota: 5\u00b0C (41\u00b0F) a\u017e 50\u00b0C (121\u00b0F) Rozmery [V x D x \u0160): 26,7&#215;126,8&#215;98,5 mm Hmotnos\u0165: 390g<\/p>\n","protected":false},"featured_media":227460,"template":"","meta":[],"product_brand":[1390],"product_cat":[1403],"product_tag":[5515],"class_list":{"0":"post-227459","1":"product","2":"type-product","3":"status-publish","4":"has-post-thumbnail","6":"product_brand-adata","7":"product_cat-disky-mechaniky-radice","8":"product_tag-externi-disky-25","10":"first","11":"instock","12":"shipping-taxable","13":"purchasable","14":"product-type-simple"},"_links":{"self":[{"href":"https:\/\/pcsektor.eu\/en\/wp-json\/wp\/v2\/product\/227459","targetHints":{"allow":["GET"]}}],"collection":[{"href":"https:\/\/pcsektor.eu\/en\/wp-json\/wp\/v2\/product"}],"about":[{"href":"https:\/\/pcsektor.eu\/en\/wp-json\/wp\/v2\/types\/product"}],"wp:featuredmedia":[{"embeddable":true,"href":"https:\/\/pcsektor.eu\/en\/wp-json\/wp\/v2\/media\/227460"}],"wp:attachment":[{"href":"https:\/\/pcsektor.eu\/en\/wp-json\/wp\/v2\/media?parent=227459"}],"wp:term":[{"taxonomy":"product_brand","embeddable":true,"href":"https:\/\/pcsektor.eu\/en\/wp-json\/wp\/v2\/product_brand?post=227459"},{"taxonomy":"product_cat","embeddable":true,"href":"https:\/\/pcsektor.eu\/en\/wp-json\/wp\/v2\/product_cat?post=227459"},{"taxonomy":"product_tag","embeddable":true,"href":"https:\/\/pcsektor.eu\/en\/wp-json\/wp\/v2\/product_tag?post=227459"}],"curies":[{"name":"wp","href":"https:\/\/api.w.org\/{rel}","templated":true}]}}