{"id":227627,"date":"2025-09-04T14:13:34","date_gmt":"2025-09-04T14:13:34","guid":{"rendered":"https:\/\/pcsektor.eu\/product\/adata-hd650-1tb-hdd-externy-2-5-cervena-3r\/"},"modified":"2026-04-17T14:35:59","modified_gmt":"2026-04-17T14:35:59","slug":"adata-hd650-1tb-hdd-externy-2-5-cervena-3r","status":"publish","type":"product","link":"https:\/\/pcsektor.eu\/en\/product\/adata-hd650-1tb-hdd-externy-2-5-cervena-3r\/","title":{"rendered":"ADATA HD650 - 1TB - HDD - External - 2.5 - Red - 3R"},"content":{"rendered":"<p>HD650 je sp\u00e4\u0165 silnej\u0161\u00ed a v\u00e4\u010d\u0161\u00ed ako predt\u00fdm. Jeho n\u00e1razuvzdorn\u00fd gumen\u00fd povlak a trojvrstvov\u00e1 kon\u0161trukcia z neho rob\u00ed extr\u00e9mne odolnou ochranu v\u00e1\u0161ho obsahu. Pon\u00faka sa v troch farb\u00e1ch: modrej, \u010diernej a \u010dervenej. Kapacita je a\u017e 4TB, \u010do je m\u00ed\u013enik pre extern\u00e9 pevn\u00e9 disky! V\u010faka rozhraniu USB 3.1 a kvalite podporovan\u00e9 technol\u00f3giou ADATA poskytuje HD650 priestrann\u00e9 a bezpe\u010dn\u00e9 \u00falo\u017eisko.<\/p>\n<p><b> Model: <\/b> ADATA HD650<br \/>\n<b> Capacity: <\/b> 1 TB<br \/>\n<b> Disc type: <\/b> 2.5\u201e HDD<br \/>\n<b> Interface: <\/b> USB3.1<\/p>\n<p><b> Power supply: <\/b> 5V<br \/>\n<b> Operating temperature: <\/b> 5\u00b0C - 50\u00b0C<br \/>\n<b> Dimensions [H x L x W): <\/b> 121 x 81 x 21 mm<br \/>\n<b> Weight: <\/b> 201 g<\/p>\n<p><b> Warranty: <\/b> 36 months<\/p>\n<p><b> Manufacturer's website: <\/b> https:\/\/www.adata.com\/en\/specification\/260<\/p>","protected":false},"excerpt":{"rendered":"<p>HD650 je sp\u00e4\u0165 silnej\u0161\u00ed a v\u00e4\u010d\u0161\u00ed ako predt\u00fdm. Jeho n\u00e1razuvzdorn\u00fd gumen\u00fd povlak a trojvrstvov\u00e1 kon\u0161trukcia z neho rob\u00ed extr\u00e9mne odolnou ochranu v\u00e1\u0161ho obsahu. Pon\u00faka sa v troch farb\u00e1ch: modrej, \u010diernej a \u010dervenej. Kapacita je a\u017e 4TB, \u010do je m\u00ed\u013enik pre extern\u00e9 pevn\u00e9 disky! V\u010faka rozhraniu USB 3.1 a kvalite podporovan\u00e9 technol\u00f3giou ADATA poskytuje HD650 priestrann\u00e9 [&hellip;]<\/p>\n","protected":false},"featured_media":227628,"template":"","meta":[],"product_brand":[1390],"product_cat":[1403],"product_tag":[5515],"class_list":{"0":"post-227627","1":"product","2":"type-product","3":"status-publish","4":"has-post-thumbnail","6":"product_brand-adata","7":"product_cat-disky-mechaniky-radice","8":"product_tag-externi-disky-25","10":"first","11":"instock","12":"shipping-taxable","13":"purchasable","14":"product-type-simple"},"_links":{"self":[{"href":"https:\/\/pcsektor.eu\/en\/wp-json\/wp\/v2\/product\/227627","targetHints":{"allow":["GET"]}}],"collection":[{"href":"https:\/\/pcsektor.eu\/en\/wp-json\/wp\/v2\/product"}],"about":[{"href":"https:\/\/pcsektor.eu\/en\/wp-json\/wp\/v2\/types\/product"}],"wp:featuredmedia":[{"embeddable":true,"href":"https:\/\/pcsektor.eu\/en\/wp-json\/wp\/v2\/media\/227628"}],"wp:attachment":[{"href":"https:\/\/pcsektor.eu\/en\/wp-json\/wp\/v2\/media?parent=227627"}],"wp:term":[{"taxonomy":"product_brand","embeddable":true,"href":"https:\/\/pcsektor.eu\/en\/wp-json\/wp\/v2\/product_brand?post=227627"},{"taxonomy":"product_cat","embeddable":true,"href":"https:\/\/pcsektor.eu\/en\/wp-json\/wp\/v2\/product_cat?post=227627"},{"taxonomy":"product_tag","embeddable":true,"href":"https:\/\/pcsektor.eu\/en\/wp-json\/wp\/v2\/product_tag?post=227627"}],"curies":[{"name":"wp","href":"https:\/\/api.w.org\/{rel}","templated":true}]}}