{"id":228016,"date":"2025-09-04T14:30:51","date_gmt":"2025-09-04T14:30:51","guid":{"rendered":"https:\/\/pcsektor.eu\/product\/kingston-xs2000-1tb-ssd-externa-strieborna-3r\/"},"modified":"2026-04-17T16:20:19","modified_gmt":"2026-04-17T16:20:19","slug":"kingston-xs2000-1tb-ssd-externa-strieborna-3r","status":"publish","type":"product","link":"https:\/\/pcsektor.eu\/en\/product\/kingston-xs2000-1tb-ssd-externa-strieborna-3r\/","title":{"rendered":"Kingston XS2000 - 1TB - SSD - External - Silver - 3R"},"content":{"rendered":"<p><b>Model: <\/b>Kingston XS2000<br \/>\n<b>Conversion: <\/b> External SSD<\/p>\n<p><b>Capacity: <\/b> 1 TB<br \/>\n<b>Interface: <\/b> USB 3.2 Gen 2&#215;2 type C<\/p>\n<p><b>Reading speed: <\/b> 2,000MB\/s<br \/>\n<b>Write speed: <\/b> 2,000MB\/s<\/p>\n<p><b>Colour: <\/b> Silver<\/p>\n<p><b>Dimensions: <\/b> 69.54 x 32.58 x 13.5mm<br \/>\n<b>Weight: <\/b> 28.9g<\/p>","protected":false},"excerpt":{"rendered":"<p>Model: Kingston XS2000 Prevedenie: Extern\u00fd SSD Kapacita: 1 TB Rozhranie: USB 3.2 Gen 2&#215;2 type C R\u00fdchlos\u0165 \u010d\u00edtania: 2,000MB\/s R\u00fdchlos\u0165 z\u00e1pisu: 2,000MB\/s Farba: Strieborn\u00e1 Rozmery: 69.54 x 32.58 x 13.5mm Hmotnos\u0165: 28.9g<\/p>","protected":false},"featured_media":228017,"template":"","meta":[],"product_brand":[1386],"product_cat":[1403],"product_tag":[5513],"class_list":{"0":"post-228016","1":"product","2":"type-product","3":"status-publish","4":"has-post-thumbnail","6":"product_brand-kingston","7":"product_cat-disky-mechaniky-radice","8":"product_tag-externi-disky-ssd","10":"first","11":"instock","12":"shipping-taxable","13":"purchasable","14":"product-type-simple"},"_links":{"self":[{"href":"https:\/\/pcsektor.eu\/en\/wp-json\/wp\/v2\/product\/228016","targetHints":{"allow":["GET"]}}],"collection":[{"href":"https:\/\/pcsektor.eu\/en\/wp-json\/wp\/v2\/product"}],"about":[{"href":"https:\/\/pcsektor.eu\/en\/wp-json\/wp\/v2\/types\/product"}],"wp:featuredmedia":[{"embeddable":true,"href":"https:\/\/pcsektor.eu\/en\/wp-json\/wp\/v2\/media\/228017"}],"wp:attachment":[{"href":"https:\/\/pcsektor.eu\/en\/wp-json\/wp\/v2\/media?parent=228016"}],"wp:term":[{"taxonomy":"product_brand","embeddable":true,"href":"https:\/\/pcsektor.eu\/en\/wp-json\/wp\/v2\/product_brand?post=228016"},{"taxonomy":"product_cat","embeddable":true,"href":"https:\/\/pcsektor.eu\/en\/wp-json\/wp\/v2\/product_cat?post=228016"},{"taxonomy":"product_tag","embeddable":true,"href":"https:\/\/pcsektor.eu\/en\/wp-json\/wp\/v2\/product_tag?post=228016"}],"curies":[{"name":"wp","href":"https:\/\/api.w.org\/{rel}","templated":true}]}}