{"id":228342,"date":"2025-09-04T14:39:37","date_gmt":"2025-09-04T14:39:37","guid":{"rendered":"https:\/\/pcsektor.eu\/product\/seagate-one-touch-8tb-hdd-externy-3-5-cierna-2r\/"},"modified":"2026-01-26T18:56:20","modified_gmt":"2026-01-26T18:56:20","slug":"seagate-one-touch-8tb-hdd-externy-3-5-cierna-2r","status":"publish","type":"product","link":"https:\/\/pcsektor.eu\/en\/product\/seagate-one-touch-8tb-hdd-externy-3-5-cierna-2r\/","title":{"rendered":"Seagate One Touch - 8TB - HDD - External - 3.5 - Black - 2R"},"content":{"rendered":"<p><b>Model: <\/b> Seagate One Touch Hub<br \/>\n<b>Conversion: <\/b> external 3.5\u201d HDD<\/p>\n<p><b>Capacity: <\/b> 8 TB<br \/>\n<b>Interface: <\/b> USB Type-A \/ USB Type-C 3.2 Gen 1 (3.1 Gen 1)<\/p>\n<p><b>Colour: <\/b> Black<\/p>\n<p><b>Dimensions: <\/b> 129 x 45 x 45 mm (WxHxD)<br \/>\n<b>Weight: <\/b> 1,2 kg<\/p>\n<p><b>For information on Seagate's obligation to comply with the additional export condition, please see the \u201eLinks\u201c tab\u201c<\/b><\/p>","protected":false},"excerpt":{"rendered":"<p>Model: Seagate One Touch Hub Prevedenie: extern\u00fd 3,5\u201d HDD Kapacita: 8 TB Rozhranie: USB Type-A \/ USB Type-C 3.2 Gen 1 (3.1 Gen 1) Farba: \u010cierna Rozmery: 129 x 45 x 45 mm (\u0160xVxH) Hmotnos\u0165: 1,2 kg Inform\u00e1cie o povinnosti splnenia dodato\u010dnej v\u00fdvoznej podmienky ulo\u017eenej v\u00fdrobcom Seagate n\u00e1jdete v z\u00e1lo\u017eke &#8222;Odkazy&#8220;<\/p>","protected":false},"featured_media":228343,"template":"","meta":[],"product_brand":[1408],"product_cat":[1403],"product_tag":[5516],"class_list":{"0":"post-228342","1":"product","2":"type-product","3":"status-publish","4":"has-post-thumbnail","6":"product_brand-seagate","7":"product_cat-disky-mechaniky-radice","8":"product_tag-externi-disky-35","10":"first","11":"outofstock","12":"shipping-taxable","13":"purchasable","14":"product-type-simple"},"_links":{"self":[{"href":"https:\/\/pcsektor.eu\/en\/wp-json\/wp\/v2\/product\/228342","targetHints":{"allow":["GET"]}}],"collection":[{"href":"https:\/\/pcsektor.eu\/en\/wp-json\/wp\/v2\/product"}],"about":[{"href":"https:\/\/pcsektor.eu\/en\/wp-json\/wp\/v2\/types\/product"}],"wp:featuredmedia":[{"embeddable":true,"href":"https:\/\/pcsektor.eu\/en\/wp-json\/wp\/v2\/media\/228343"}],"wp:attachment":[{"href":"https:\/\/pcsektor.eu\/en\/wp-json\/wp\/v2\/media?parent=228342"}],"wp:term":[{"taxonomy":"product_brand","embeddable":true,"href":"https:\/\/pcsektor.eu\/en\/wp-json\/wp\/v2\/product_brand?post=228342"},{"taxonomy":"product_cat","embeddable":true,"href":"https:\/\/pcsektor.eu\/en\/wp-json\/wp\/v2\/product_cat?post=228342"},{"taxonomy":"product_tag","embeddable":true,"href":"https:\/\/pcsektor.eu\/en\/wp-json\/wp\/v2\/product_tag?post=228342"}],"curies":[{"name":"wp","href":"https:\/\/api.w.org\/{rel}","templated":true}]}}