{"id":229136,"date":"2025-09-04T15:30:59","date_gmt":"2025-09-04T15:30:59","guid":{"rendered":"https:\/\/pcsektor.eu\/product\/samsung-9100-pro-4tb-ssd-m-2-nvme-cierna-5r\/"},"modified":"2026-04-17T14:46:42","modified_gmt":"2026-04-17T14:46:42","slug":"samsung-9100-pro-4tb-ssd-m-2-nvme-cierna-5r","status":"publish","type":"product","link":"https:\/\/pcsektor.eu\/en\/product\/samsung-9100-pro-4tb-ssd-m-2-nvme-cierna-5r\/","title":{"rendered":"Samsung 9100 PRO - 4TB - SSD - M.2 NVMe - Black - 5R"},"content":{"rendered":"<p><b>Basic functions<\/b><br \/>\nApplication:Client Computers, Game Consoles<br \/>\nCapacity: 4000 GB (1 GB = 1 billion bytes according to IDEMA) * Actual usable capacity may be less (due to formatting, partitioning, operating system, applications, etc.)<br \/>\nConversion: M.2 (2280)<br \/>\nInterface: PCIe\u00ae 5.0 x4, NVMe\u2122 2.0<br \/>\nDimensions (WxHxD): 80.15 x 22.15 x 2.38 (mm)<br \/>\nWeight: Max. 9,0 g<br \/>\nStorage: Samsung V-NAND TLC<br \/>\nController: Samsung in-house Controller<br \/>\nBuffer: Samsung 4GB Low Power DDR4X SDRAM<\/p>\n<p><b>Special features<\/b><br \/>\nTRIM support: supported<br \/>\nS.M.A.R.T: Supported<br \/>\nGC (Garbage Collection): automatic garbage collection algorithm<br \/>\nEncryption support: 256-bit AES encryption (Class 0) TCG\/Opal IEEE1667 (encrypted unit)<br \/>\nWWN support: not supported<br \/>\nDevice sleep support: yes<\/p>\n<p><b>Power<\/b><br \/>\nSequential Read: up to 14800 MB\/s * Performance may vary depending on hardware and system configuration<br \/>\nSequential notation: Up to 13400 MB\/s *Performance may vary depending on hardware and system configuration<br \/>\nRandom Read (4KB, QD32): Up to 2,200,000 IOPS * Performance may vary depending on hardware and system configuration<br \/>\nRandom write (4KB, QD32): up to 2,600,000 IOPS * Performance may vary depending on hardware and system configuration<\/p>\n<p><b>Environment<\/b><br \/>\nAverage power consumption (system level): * Average: read 9W\/write 8.2W * Actual power consumption may vary depending on hardware and system configuration<br \/>\nPower consumption (idle): typically 6.5 mW * Actual power consumption may vary depending on hardware and system configuration<br \/>\nPower Consumption (Device Sleep): typically 5.7 mW * Actual power consumption may vary depending on hardware and system configuration<br \/>\nAllowed voltage: 3.3 V \u00b1 5% Allowed voltage<br \/>\nReliability (MTBF): 1.5 million hours reliability (MTBF)<br \/>\nOperating temperature: 0-70\u00b0C Operating temperature<br \/>\nShock: 1 500 G &amp; 0.5 ms (half sine)<br \/>\nInstallation kit: Not available<\/p>\n<p><b>Software<\/b><br \/>\nManagement Software:Magician SSD Management Software<\/p>\n<p><b>Warranty<\/b><br \/>\n5-year limited warranty or 2400 TBW limited warranty<\/p>","protected":false},"excerpt":{"rendered":"<p>Z\u00e1kladn\u00e9 funkcie Aplik\u00e1cia: Klientske po\u010d\u00edta\u010de, Hern\u00e9 konzoly Kapacita: 4000 GB (1 GB = 1 miliarda bajtov pod\u013ea IDEMA) * Skuto\u010dn\u00e1 vyu\u017eite\u013en\u00e1 kapacita m\u00f4\u017ee by\u0165 men\u0161ia (kv\u00f4li form\u00e1tovaniu, rozdeleniu, opera\u010dn\u00e9mu syst\u00e9mu, aplik\u00e1ci\u00e1m a pod.) Prevedenie: M.2 (2280) Rozhranie: PCIe\u00ae 5.0 x4, NVMe\u2122 2.0 Rozmery (\u0160xVxH): 80,15 x 22,15 x 2,38 (mm) Hmotnos\u0165: Max. 9,0 g \u00dalo\u017eisko: [&hellip;]<\/p>\n","protected":false},"featured_media":229137,"template":"","meta":[],"product_brand":[1306],"product_cat":[1403],"product_tag":[5510],"class_list":{"0":"post-229136","1":"product","2":"type-product","3":"status-publish","4":"has-post-thumbnail","6":"product_brand-samsung","7":"product_cat-disky-mechaniky-radice","8":"product_tag-ssd-disky-m-2-pcie-msata-a-ostatni","10":"first","11":"outofstock","12":"shipping-taxable","13":"purchasable","14":"product-type-simple"},"_links":{"self":[{"href":"https:\/\/pcsektor.eu\/en\/wp-json\/wp\/v2\/product\/229136","targetHints":{"allow":["GET"]}}],"collection":[{"href":"https:\/\/pcsektor.eu\/en\/wp-json\/wp\/v2\/product"}],"about":[{"href":"https:\/\/pcsektor.eu\/en\/wp-json\/wp\/v2\/types\/product"}],"wp:featuredmedia":[{"embeddable":true,"href":"https:\/\/pcsektor.eu\/en\/wp-json\/wp\/v2\/media\/229137"}],"wp:attachment":[{"href":"https:\/\/pcsektor.eu\/en\/wp-json\/wp\/v2\/media?parent=229136"}],"wp:term":[{"taxonomy":"product_brand","embeddable":true,"href":"https:\/\/pcsektor.eu\/en\/wp-json\/wp\/v2\/product_brand?post=229136"},{"taxonomy":"product_cat","embeddable":true,"href":"https:\/\/pcsektor.eu\/en\/wp-json\/wp\/v2\/product_cat?post=229136"},{"taxonomy":"product_tag","embeddable":true,"href":"https:\/\/pcsektor.eu\/en\/wp-json\/wp\/v2\/product_tag?post=229136"}],"curies":[{"name":"wp","href":"https:\/\/api.w.org\/{rel}","templated":true}]}}