{"id":229162,"date":"2025-09-04T15:32:08","date_gmt":"2025-09-04T15:32:08","guid":{"rendered":"https:\/\/pcsektor.eu\/product\/7680gb-dc600me-kingston-sata-enterprise-tcg\/"},"modified":"2026-01-26T11:04:59","modified_gmt":"2026-01-26T11:04:59","slug":"7680gb-dc600me-kingston-sata-enterprise-tcg","status":"publish","type":"product","link":"https:\/\/pcsektor.eu\/en\/product\/7680gb-dc600me-kingston-sata-enterprise-tcg\/","title":{"rendered":"7680GB DC600ME Kingston SATA Enterprise TCG"},"content":{"rendered":"<p>SSD disky Kingston DC600M a DC600ME s\u00fa SSD disky 4. gener\u00e1cie pre d\u00e1tov\u00e9 centr\u00e1 s rozhran\u00edm SATA 3.0 a r\u00fdchlos\u0165ou 6 Gb\/s, ktor\u00e9 vyu\u017e\u00edvaj\u00fa pam\u00e4\u0165 3D TLC NAND pre \u201ezmie\u0161an\u00e9\u201c serverov\u00e9 pracovn\u00e9 za\u0165a\u017eenie.<br \/>\nOba disky s\u00fa vhodn\u00e9 pre \u0161irok\u00fa \u0161k\u00e1lu serverov\u00fdch aplik\u00e1ci\u00ed a s\u00fa vybaven\u00e9 vstavanou stratou nap\u00e1jania prostredn\u00edctvom zadr\u017eiavac\u00edch kondenz\u00e1torov.<br \/>\nDC600M a DC600ME s\u00fa navrhnut\u00e9 tak, aby chr\u00e1nili d\u00e1ta pred neo\u010dak\u00e1van\u00fdm v\u00fdpadkom nap\u00e1jania a zaistili \u00faspe\u0161n\u00fa reinicializ\u00e1ciu disku pri \u010fal\u0161om zapnut\u00ed syst\u00e9mu. Navrhnut\u00e9 tak, aby poskytovali n\u00edzku latenciu a IO konzistenciu pre syst\u00e9mov\u00fdch integr\u00e1torov, hyper\u0161k\u00e1lov\u00e9 d\u00e1tov\u00e9 centr\u00e1 a poskytovate\u013eov cloudov\u00fdch slu\u017eieb.<\/p>\n<p><B>DC600ME je vybaven\u00fd 256-bitov\u00fdm \u0161ifrovan\u00edm AES a podporuje bezpe\u010dnostn\u00e9 \u0161tandardy TCG OPAL 2.0.<\/b><\/p>\n<p><B>Model: <\/B>Kingston DC600M<br \/>\n<B>Kapacita: <\/B>7.68TB<br \/>\n<B>Typ disku [3,5&#8243;HDD, 2,5&#8243;HDD, SSD, hybrid] :<\/B>2.5&#8243; SSD<\/p>\n<p><B>Rozhranie: <\/B>SATA Rev. 3.0 (6Gb\/s)<br \/>\n<B>Prenosov\u00e1 r\u00fdchlos\u0165: <\/B><br \/>\n*Z\u00e1pis &#8211; 530 MB\/s<br \/>\n*\u010c\u00edtanie &#8211; 560 MB\/s<\/p>\n<p><B>Prev\u00e1dzkov\u00e1 teplota: <\/B>0 &#8211; 70\u00b0C<br \/>\n<B>Rozmery [V x D x \u0160): <\/B>7&#215;69,9&#215;100 mm<br \/>\n<B>Hmotnos\u0165: <\/B>92,34 g<\/p>\n<p><B>\u017divotnos\u0165: <\/B>2000000 h MTBF, 14016TB, 1 DWPD (5 rokov)<br \/>\n<B>Z\u00e1ruka: <\/B>5 rokov<\/p>\n","protected":false},"excerpt":{"rendered":"<p>SSD disky Kingston DC600M a DC600ME s\u00fa SSD disky 4. gener\u00e1cie pre d\u00e1tov\u00e9 centr\u00e1 s rozhran\u00edm SATA 3.0 a r\u00fdchlos\u0165ou 6 Gb\/s, ktor\u00e9 vyu\u017e\u00edvaj\u00fa pam\u00e4\u0165 3D TLC NAND pre \u201ezmie\u0161an\u00e9\u201c serverov\u00e9 pracovn\u00e9 za\u0165a\u017eenie. Oba disky s\u00fa vhodn\u00e9 pre \u0161irok\u00fa \u0161k\u00e1lu serverov\u00fdch aplik\u00e1ci\u00ed a s\u00fa vybaven\u00e9 vstavanou stratou nap\u00e1jania prostredn\u00edctvom zadr\u017eiavac\u00edch kondenz\u00e1torov. DC600M a DC600ME s\u00fa [&hellip;]<\/p>\n","protected":false},"featured_media":229163,"template":"","meta":[],"product_brand":[1386],"product_cat":[1403],"product_tag":[5514],"class_list":{"0":"post-229162","1":"product","2":"type-product","3":"status-publish","4":"has-post-thumbnail","6":"product_brand-kingston","7":"product_cat-disky-mechaniky-radice","8":"product_tag-ssd-disky-25","10":"first","11":"outofstock","12":"shipping-taxable","13":"purchasable","14":"product-type-simple"},"_links":{"self":[{"href":"https:\/\/pcsektor.eu\/en\/wp-json\/wp\/v2\/product\/229162","targetHints":{"allow":["GET"]}}],"collection":[{"href":"https:\/\/pcsektor.eu\/en\/wp-json\/wp\/v2\/product"}],"about":[{"href":"https:\/\/pcsektor.eu\/en\/wp-json\/wp\/v2\/types\/product"}],"wp:featuredmedia":[{"embeddable":true,"href":"https:\/\/pcsektor.eu\/en\/wp-json\/wp\/v2\/media\/229163"}],"wp:attachment":[{"href":"https:\/\/pcsektor.eu\/en\/wp-json\/wp\/v2\/media?parent=229162"}],"wp:term":[{"taxonomy":"product_brand","embeddable":true,"href":"https:\/\/pcsektor.eu\/en\/wp-json\/wp\/v2\/product_brand?post=229162"},{"taxonomy":"product_cat","embeddable":true,"href":"https:\/\/pcsektor.eu\/en\/wp-json\/wp\/v2\/product_cat?post=229162"},{"taxonomy":"product_tag","embeddable":true,"href":"https:\/\/pcsektor.eu\/en\/wp-json\/wp\/v2\/product_tag?post=229162"}],"curies":[{"name":"wp","href":"https:\/\/api.w.org\/{rel}","templated":true}]}}