{"id":218045,"date":"2025-09-03T23:08:03","date_gmt":"2025-09-03T23:08:03","guid":{"rendered":"https:\/\/pcsektor.eu\/product\/hp-proone-440-g9-238-fhd-t-i5-12500t-16gb-512gb-uhd-770-w11p-cierna-3r\/"},"modified":"2026-04-22T19:19:41","modified_gmt":"2026-04-22T19:19:41","slug":"hp-proone-440-g9-238-fhd-t-i5-12500t-16gb-512gb-uhd-770-w11p-cierna-3r","status":"publish","type":"product","link":"https:\/\/pcsektor.eu\/hu\/termek\/hp-proone-440-g9-238-fhd-t-i5-12500t-16gb-512gb-uhd-770-w11p-cierna-3r\/","title":{"rendered":"HP ProOne - 440 G9 - 238 - FHD - T - i5-12500T - 16 GB - 512 GB - UHD 770 - W11P - Fekete - 3R"},"content":{"rendered":"<p><b>Model:<\/b> HP ProOne 440 G9 All-in-One<\/p>\n<p><b>Opera\u010dn\u00fd syst\u00e9m:<\/b> Windows 11 Pro<br \/>\n<b>Procesor:<\/b> Intel\u00ae Core\u2122 i5-12500T (max. 4,4 GHz s technol\u00f3giou Intel\u00ae Turbo Boost, 18 MB vyrovn\u00e1vacej pam\u00e4te L3, 6 jadier, 12 vl\u00e1kien)<\/p>\n<p><b>Pam\u00e4\u0165:<\/b> 16GB pam\u00e4\u0165 DDR4-3200 MT\/s (1x 16 GB) Prenosov\u00e1 r\u00fdchlos\u0165 a\u017e 3 200 MT\/s.<br \/>\n<b>Po\u010det slotov (celkom\/vo\u013en\u00fdch):<\/b> 2 sloty SODIMM \/ 1<\/p>\n<p><b>Pevn\u00fd disk:<\/b> Diskov\u00e1 jednotka SSD 512 GB PCIe\u00ae NVMe\u2122 M.2<br \/>\n<b>Optick\u00e1 jednotka:<\/b> Nem<br \/>\n<b>\u010c\u00edta\u010dka pam\u00e4\u0165ov\u00fdch kariet:<\/b> Nem<\/p>\n<p><b>Grafick\u00e1 karta: <\/b> Grafika Intel\u00ae UHD 770<br \/>\n<b>Audio:<\/b> Kodek Realtek ALC3252, intern\u00fd reproduktor, kombinovan\u00fd konektor pre mikrof\u00f3n\/sl\u00fachadl\u00e1<br \/>\n<b>Bezdr\u00f4tov\u00e1 sie\u0165: <\/b> Bezdr\u00f4tov\u00e1 karta Intel\u00ae Wi-Fi 6E AX211 (2&#215;2) a Bluetooth\u00ae 5.3 (podpora gigabitov\u00fdch prenosov\u00fdch r\u00fdchlost\u00ed)<\/p>\n<p><b>Displej:<\/b> 23.8&#8243; diagonal, FHD (1920 x 1080), dotyk, IPS, anti-glare, 250 nits, 72% NTSC<br \/>\n<b>Kl\u00e1vesnica:<\/b> K\u00e1blov\u00e1 kl\u00e1vesnica HP 125<br \/>\n<b>My\u0161:<\/b> K\u00e1blov\u00e1 my\u0161 HP 125<br \/>\n<b>Kamera:<\/b> 5Mpx kamera (v\u00fdsuvn\u00e1) s dvoma integrovan\u00fdmi digit\u00e1lnymi mikrof\u00f3nmi<br \/>\n<b>Nap\u00e1janie:<\/b> 120W extern\u00fd nap\u00e1jac\u00ed adapt\u00e9r, a\u017e 88% \u00fa\u010dinnos\u0165, akt\u00edvna korekcia PFC<\/p>\n<p><b>Zadn\u00e9 porty:<\/b><br \/>\n*1x RJ-45<br \/>\n*1x HDMI 1.4<br \/>\n*2x SuperSpeed ??USB Type-A s prenosovou r\u00fdchlos\u0165ou sign\u00e1lu 5 Gb\/s (nab\u00edjac\u00ed)<br \/>\n*2x SuperSpeed ??USB Type-A s prenosovou r\u00fdchlos\u0165ou sign\u00e1lu 10 Gb\/s (nab\u00edjac\u00ed)<br \/>\n*1x DisplayPort\u2122 1.4a<\/p>\n<p><b>Bo\u010dn\u00e9 porty:<\/b><br \/>\n*1x SuperSpeed ??USB Type-C\u00ae s prenosovou r\u00fdchlos\u0165ou sign\u00e1lu 10 Gb\/s<br \/>\n*1x SuperSpeed ??USB Type-A s prenosovou r\u00fdchlos\u0165ou sign\u00e1lu 10 Gb\/s (nab\u00edjac\u00ed)<\/p>\n<p><b>Farba:<\/b> Fekete<br \/>\n<b>Rozmery:<\/b> 539,3 x 225 x 379,4 mm<br \/>\n<b>Hmotnos\u0165:<\/b> 7,77 kg<\/p>\n<p><b>Garancia:<\/b> 3 roky<\/p>","protected":false},"excerpt":{"rendered":"<p>Model: HP ProOne 440 G9 All-in-One Opera\u010dn\u00fd syst\u00e9m: Windows 11 Pro Procesor: Intel\u00ae Core\u2122 i5-12500T (max. 4,4 GHz s technol\u00f3giou Intel\u00ae Turbo Boost, 18 MB vyrovn\u00e1vacej pam\u00e4te L3, 6 jadier, 12 vl\u00e1kien) Pam\u00e4\u0165: 16GB pam\u00e4\u0165 DDR4-3200 MT\/s (1x 16 GB) Prenosov\u00e1 r\u00fdchlos\u0165 a\u017e 3 200 MT\/s. Po\u010det slotov (celkom\/vo\u013en\u00fdch): 2 sloty SODIMM \/ 1 Pevn\u00fd [&hellip;]<\/p>\n","protected":false},"featured_media":218046,"template":"","meta":[],"product_brand":[1289],"product_cat":[1277],"product_tag":[1297],"class_list":{"0":"post-218045","1":"product","2":"type-product","3":"status-publish","4":"has-post-thumbnail","6":"product_brand-hp","7":"product_cat-stolne-pocitace","8":"product_tag-all-in-one","10":"first","11":"outofstock","12":"shipping-taxable","13":"purchasable","14":"product-type-simple"},"_links":{"self":[{"href":"https:\/\/pcsektor.eu\/hu\/wp-json\/wp\/v2\/product\/218045","targetHints":{"allow":["GET"]}}],"collection":[{"href":"https:\/\/pcsektor.eu\/hu\/wp-json\/wp\/v2\/product"}],"about":[{"href":"https:\/\/pcsektor.eu\/hu\/wp-json\/wp\/v2\/types\/product"}],"wp:featuredmedia":[{"embeddable":true,"href":"https:\/\/pcsektor.eu\/hu\/wp-json\/wp\/v2\/media\/218046"}],"wp:attachment":[{"href":"https:\/\/pcsektor.eu\/hu\/wp-json\/wp\/v2\/media?parent=218045"}],"wp:term":[{"taxonomy":"product_brand","embeddable":true,"href":"https:\/\/pcsektor.eu\/hu\/wp-json\/wp\/v2\/product_brand?post=218045"},{"taxonomy":"product_cat","embeddable":true,"href":"https:\/\/pcsektor.eu\/hu\/wp-json\/wp\/v2\/product_cat?post=218045"},{"taxonomy":"product_tag","embeddable":true,"href":"https:\/\/pcsektor.eu\/hu\/wp-json\/wp\/v2\/product_tag?post=218045"}],"curies":[{"name":"wp","href":"https:\/\/api.w.org\/{rel}","templated":true}]}}