{"id":218599,"date":"2025-09-03T23:30:17","date_gmt":"2025-09-03T23:30:17","guid":{"rendered":"https:\/\/pcsektor.eu\/product\/yoga-aio-27-qhd-u7-255h-16g-1t-int-w11h-grey\/"},"modified":"2026-01-11T20:26:25","modified_gmt":"2026-01-11T20:26:25","slug":"yoga-aio-27-qhd-u7-255h-16g-1t-int-w11h-grey","status":"publish","type":"product","link":"https:\/\/pcsektor.eu\/hu\/termek\/yoga-aio-27-qhd-u7-255h-16g-1t-int-w11h-grey\/","title":{"rendered":"Yoga AIO 27 QHD &#8211; U7-255H &#8211; 16G &#8211; 1T &#8211; INT &#8211; W11H &#8211; GREY"},"content":{"rendered":"<p><b>Model: <\/b> Lenovo Yoga AIO 27IAH10<br \/>\n<b>Farba: <\/b> Siv\u00e1 (Luna Grey)<br \/>\n<b>Opera\u010dn\u00fd syst\u00e9m: <\/b> Windows\u00ae 11 Home, \u010de\u0161tina \/ sloven\u010dina \/ angli\u010dtina<br \/>\n<b>Procesor: <\/b>Intel Core Ultra 7 255H (16 jadier &#8211; 6P + 8E + 2LPE, 16 vl\u00e1kien, P-core 2,0\/5,1 GHz, E-core 1,5\/4,4 GHz, LPE-core 0,7\/2,5 GHz, 24 MB<br \/>\n<b>Displej: <\/b> 27&#8243; QHD (2560&#215;1440) IPS 400 nitov, 99% sRGB, 4strann\u00fd, 120 Hz<br \/>\n<b>Dotykov\u00fd: <\/b> nie<br \/>\n<b>Grafick\u00e1 karta: <\/b>Intel Arc 140T<br \/>\n<b>Pevn\u00fd disk: <\/b> 1TB SSD M.2 2280 PCIe\u00ae 4.0&#215;4 NVMe\u00ae<br \/>\n<b>Roz\u0161iruj\u00face sloty pevn\u00e9ho disku:<\/b> Dva sloty M.2 (jeden pre WLAN, jeden pre SSD)<br \/>\n<b>Optick\u00e1 mechanika: <\/b> nie<br \/>\n<b>Pero: <\/b> nie<\/p>\n<p><b>Pam\u00e4\u0165: <\/b> 16GB integrovan\u00e1 LPDDR5x-7467<br \/>\n<b>Po\u010det pam\u00e4\u0165ov\u00fdch slotov (celkom\/vo\u013en\u00e9):<\/b> (0\/0)<br \/>\n<b>Maxim\u00e1lna podporovan\u00e1 pam\u00e4\u0165:<\/b> A\u017e 16 GB LPDDR5x-7467<\/p>\n<p><b>Sie\u0165: <\/b> Ethernet (Integrovan\u00fd 100\/1000M)<br \/>\n<b>Bezdr\u00f4tov\u00e1 komunik\u00e1cia: <\/b> WLAN + Bluetooth (Wi-Fi\u00ae 7, 802.11be 2&#215;2 + BT5.4)<\/p>\n<p><b>Zadn\u00e9 konektory: <\/b><br \/>\n* 1x USB-C\u00ae (USB 10 Gb\/s \/ 3.2 Gen 2)<br \/>\n* 2x USB-A (USB 10 Gb\/s \/ USB 3.2 Gen 2)<br \/>\n* 1x HDMI\u00ae vstup 2.1<br \/>\n* 1x HDMI\u00ae v\u00fdstup 2.1 TMDS<br \/>\n* 1x RJ-45<br \/>\n* 1x nap\u00e1jac\u00ed konektor<br \/>\n<b>Bo\u010dn\u00e9 konektory: <\/b><br \/>\n* 1x USB-C\u00ae (USB 10 Gb\/s \/ USB 3.2 Gen 2)<br \/>\n* 1x USB-A (USB 10 Gb\/s \/ USB 3.2 Gen 2)<br \/>\n* 1x kombinovan\u00fd konektor pre sl\u00fachadl\u00e1\/mikrof\u00f3n (3,5 mm)<\/p>\n<p><b>\u010c\u00edta\u010dka kariet: <\/b> nie<br \/>\n<b>Webkamera: <\/b> 5,0 MP<br \/>\n<b>Mikrof\u00f3n: <\/b> Du\u00e1lny mikrof\u00f3n<br \/>\n<b>Audio: <\/b> 3Wx2 v\u00fd\u0161kov\u00fd reproduktor + 5Wx2 basov\u00fd reproduktor, JBL\u00ae<\/p>\n<p><b>Bezpe\u010dnostn\u00fd \u010dip: <\/b> Firmware TPM 2.0 integrovan\u00fd v SoC<br \/>\n<b>Rozmery: <\/b> 613,6 \u00d7 235 \u00d7 565,5 mm<br \/>\n<b>Hmotnos\u0165: <\/b> cca 8,4 kg<br \/>\n<b>Nap\u00e1janie: <\/b> zdroj 170W 89% adapt\u00e9r<\/p>\n<p><b>Kl\u00e1vesnica: <\/b> Bezdr\u00f4tov\u00e1 kl\u00e1vesnica Euterpe, \u0161ed\u00e1, \u010de\u0161tina\/sloven\u010dina<br \/>\n<b>My\u0161: <\/b> Bezdr\u00f4tov\u00e1 my\u0161 Euterpe, \u0161ed\u00e1<\/p>\n<p><b>Garancia:<\/b> 3 roky Premium<\/p>\n<p><b>Odkaz na str\u00e1nku v\u00fdrobcu:<\/b> https:\/\/psref.lenovo.com\/Detail\/Yoga_AIO_27IAH10?M=F0J20045CK<\/p>","protected":false},"excerpt":{"rendered":"<p>Model: Lenovo Yoga AIO 27IAH10 Farba: Siv\u00e1 (Luna Grey) Opera\u010dn\u00fd syst\u00e9m: Windows\u00ae 11 Home, \u010de\u0161tina \/ sloven\u010dina \/ angli\u010dtina Procesor: Intel Core Ultra 7 255H (16 jadier &#8211; 6P + 8E + 2LPE, 16 vl\u00e1kien, P-core 2,0\/5,1 GHz, E-core 1,5\/4,4 GHz, LPE-core 0,7\/2,5 GHz, 24 MB Displej: 27&#8243; QHD (2560&#215;1440) IPS 400 nitov, 99% sRGB, [&hellip;]<\/p>\n","protected":false},"featured_media":218600,"template":"","meta":[],"product_brand":[1291],"product_cat":[1277],"product_tag":[1297],"class_list":{"0":"post-218599","1":"product","2":"type-product","3":"status-publish","4":"has-post-thumbnail","6":"product_brand-lenovo","7":"product_cat-stolne-pocitace","8":"product_tag-all-in-one","10":"first","11":"outofstock","12":"shipping-taxable","13":"purchasable","14":"product-type-simple"},"_links":{"self":[{"href":"https:\/\/pcsektor.eu\/hu\/wp-json\/wp\/v2\/product\/218599","targetHints":{"allow":["GET"]}}],"collection":[{"href":"https:\/\/pcsektor.eu\/hu\/wp-json\/wp\/v2\/product"}],"about":[{"href":"https:\/\/pcsektor.eu\/hu\/wp-json\/wp\/v2\/types\/product"}],"wp:featuredmedia":[{"embeddable":true,"href":"https:\/\/pcsektor.eu\/hu\/wp-json\/wp\/v2\/media\/218600"}],"wp:attachment":[{"href":"https:\/\/pcsektor.eu\/hu\/wp-json\/wp\/v2\/media?parent=218599"}],"wp:term":[{"taxonomy":"product_brand","embeddable":true,"href":"https:\/\/pcsektor.eu\/hu\/wp-json\/wp\/v2\/product_brand?post=218599"},{"taxonomy":"product_cat","embeddable":true,"href":"https:\/\/pcsektor.eu\/hu\/wp-json\/wp\/v2\/product_cat?post=218599"},{"taxonomy":"product_tag","embeddable":true,"href":"https:\/\/pcsektor.eu\/hu\/wp-json\/wp\/v2\/product_tag?post=218599"}],"curies":[{"name":"wp","href":"https:\/\/api.w.org\/{rel}","templated":true}]}}